{"id":25681,"date":"2025-10-26T09:37:07","date_gmt":"2025-10-26T09:37:07","guid":{"rendered":"https:\/\/shynova.se\/?page_id=25681"},"modified":"2025-11-07T12:15:35","modified_gmt":"2025-11-07T12:15:35","slug":"deep-cleaning","status":"publish","type":"page","link":"https:\/\/shynova.se\/sv\/deep-cleaning\/","title":{"rendered":"Djup reng\u00f6ring"},"content":{"rendered":"<div data-elementor-type=\"wp-page\" data-elementor-id=\"25681\" class=\"elementor elementor-25681\">\n\t\t\t\t<div class=\"elementor-element elementor-element-61e0e33 e-con-full e-flex e-con e-parent\" data-id=\"61e0e33\" data-element_type=\"container\">\n\t\t\t\t<div class=\"elementor-element elementor-element-6ebf829 elementor-widget elementor-widget-image\" data-id=\"6ebf829\" data-element_type=\"widget\" data-widget_type=\"image.default\">\n\t\t\t\t<div class=\"elementor-widget-container\">\n\t\t\t\t\t\t\t\t\t\t\t\t\t\t\t<img fetchpriority=\"high\" decoding=\"async\" width=\"1024\" height=\"682\" src=\"https:\/\/shynova.se\/wp-content\/uploads\/2025\/10\/6614dc177c4fb7a48889b609_how-to-deep-clean-your-kitchen-in-10-steps-1024x682.jpg\" class=\"attachment-large size-large wp-image-25687\" alt=\"\" srcset=\"https:\/\/shynova.se\/wp-content\/uploads\/2025\/10\/6614dc177c4fb7a48889b609_how-to-deep-clean-your-kitchen-in-10-steps-1024x682.jpg 1024w, https:\/\/shynova.se\/wp-content\/uploads\/2025\/10\/6614dc177c4fb7a48889b609_how-to-deep-clean-your-kitchen-in-10-steps-300x200.jpg 300w, https:\/\/shynova.se\/wp-content\/uploads\/2025\/10\/6614dc177c4fb7a48889b609_how-to-deep-clean-your-kitchen-in-10-steps-768x512.jpg 768w, https:\/\/shynova.se\/wp-content\/uploads\/2025\/10\/6614dc177c4fb7a48889b609_how-to-deep-clean-your-kitchen-in-10-steps.jpg 1300w\" sizes=\"(max-width: 1024px) 100vw, 1024px\" \/>\t\t\t\t\t\t\t\t\t\t\t\t\t\t\t<\/div>\n\t\t\t\t<\/div>\n\t\t\t\t<\/div>\n\t\t<div class=\"elementor-element elementor-element-4fc0103 e-flex e-con-boxed e-con e-parent\" data-id=\"4fc0103\" data-element_type=\"container\">\n\t\t\t\t\t<div class=\"e-con-inner\">\n\t\t\t\t<div class=\"elementor-element elementor-element-10d17e8 elementor-widget elementor-widget-text-editor\" data-id=\"10d17e8\" data-element_type=\"widget\" data-widget_type=\"text-editor.default\">\n\t\t\t\t<div class=\"elementor-widget-container\">\n\t\t\t\t\t\t\t\t\t<p>Our one-time home cleaning service is perfect for anyone who wants a thorough cleaning without any long-term commitment. There\u2019s no subscription or binding period \u2014 just professional help when you need it. A major cleaning starts from 1,550 SEK after the RUT deduction, with the price depending on your home\u2019s size. Whether you live in a small apartment or a large house, we make sure every corner is spotless and can also clean inside appliances like your refrigerator upon request. See the lists below for what\u2019s included in our one-time cleaning, and contact us to book your major cleaning today.<\/p>\t\t\t\t\t\t\t\t<\/div>\n\t\t\t\t<\/div>\n\t\t\t\t\t<\/div>\n\t\t\t\t<\/div>\n\t\t<div class=\"elementor-element elementor-element-3469fb9 e-flex e-con-boxed e-con e-parent\" data-id=\"3469fb9\" data-element_type=\"container\">\n\t\t\t\t\t<div class=\"e-con-inner\">\n\t\t\t\t<div class=\"elementor-element elementor-element-03926eb elementor-widget elementor-widget-n-accordion\" data-id=\"03926eb\" data-element_type=\"widget\" data-settings=\"{&quot;default_state&quot;:&quot;expanded&quot;,&quot;max_items_expended&quot;:&quot;one&quot;,&quot;n_accordion_animation_duration&quot;:{&quot;unit&quot;:&quot;ms&quot;,&quot;size&quot;:400,&quot;sizes&quot;:[]}}\" data-widget_type=\"nested-accordion.default\">\n\t\t\t\t<div class=\"elementor-widget-container\">\n\t\t\t\t\t\t\t<div class=\"e-n-accordion\" aria-label=\"Dragspel. \u00d6ppna l\u00e4nkar med Enter eller Space, st\u00e4ng med Escape och navigera med piltangenterna\">\n\t\t\t\t\t\t<details id=\"e-n-accordion-item-3740\" class=\"e-n-accordion-item\" open>\n\t\t\t\t<summary class=\"e-n-accordion-item-title\" data-accordion-index=\"1\" tabindex=\"0\" aria-expanded=\"true\" aria-controls=\"e-n-accordion-item-3740\" >\n\t\t\t\t\t<span class='e-n-accordion-item-title-header'><div class=\"e-n-accordion-item-title-text\"> K\u00f6k <\/div><\/span>\n\t\t\t\t\t\t\t<span class='e-n-accordion-item-title-icon'>\n\t\t\t<span class='e-opened' ><i aria-hidden=\"true\" class=\"fas fa-minus\"><\/i><\/span>\n\t\t\t<span class='e-closed'><i aria-hidden=\"true\" class=\"fas fa-plus\"><\/i><\/span>\n\t\t<\/span>\n\n\t\t\t\t\t\t<\/summary>\n\t\t\t\t<div role=\"region\" aria-labelledby=\"e-n-accordion-item-3740\" class=\"elementor-element elementor-element-616326a e-con-full e-flex e-con e-child\" data-id=\"616326a\" data-element_type=\"container\">\n\t\t\t\t<div class=\"elementor-element elementor-element-4d3f4ea elementor-widget elementor-widget-text-editor\" data-id=\"4d3f4ea\" data-element_type=\"widget\" data-widget_type=\"text-editor.default\">\n\t\t\t\t<div class=\"elementor-widget-container\">\n\t\t\t\t\t\t\t\t\t<ul><li>Clean tiles above the sink and wipe down cabinet doors inside and out.<\/li><li>Clean the exterior of appliances, including coffee makers, toasters, kettles, fridge, freezer, microwave, and dishwasher (interior and exterior where possible).<\/li><li>Clean kitchen fan and fan filter (not carbon filter).<\/li><li>Wipe and polish sinks, taps, stoppers, and strainers.<\/li><li>Clean tops of cabinets, shelves, and bases under cabinets if accessible.<\/li><li>Wipe kitchenware (coffee machine, shakers, oils, etc.).<\/li><li>Load dishes into the dishwasher if desired.<\/li><li>Empty trash bins and wipe bins and surrounding areas.<\/li><li>Vacuum and mop the floor, including under rugs where possible.<\/li><li>Wipe all open surfaces, tables, benches, and electrical outlets.<\/li><\/ul>\t\t\t\t\t\t\t\t<\/div>\n\t\t\t\t<\/div>\n\t\t\t\t<\/div>\n\t\t\t\t\t<\/details>\n\t\t\t\t\t\t<details id=\"e-n-accordion-item-3741\" class=\"e-n-accordion-item\" >\n\t\t\t\t<summary class=\"e-n-accordion-item-title\" data-accordion-index=\"2\" tabindex=\"-1\" aria-expanded=\"false\" aria-controls=\"e-n-accordion-item-3741\" >\n\t\t\t\t\t<span class='e-n-accordion-item-title-header'><div class=\"e-n-accordion-item-title-text\"> Living Area <\/div><\/span>\n\t\t\t\t\t\t\t<span class='e-n-accordion-item-title-icon'>\n\t\t\t<span class='e-opened' ><i aria-hidden=\"true\" class=\"fas fa-minus\"><\/i><\/span>\n\t\t\t<span class='e-closed'><i aria-hidden=\"true\" class=\"fas fa-plus\"><\/i><\/span>\n\t\t<\/span>\n\n\t\t\t\t\t\t<\/summary>\n\t\t\t\t<div role=\"region\" aria-labelledby=\"e-n-accordion-item-3741\" class=\"elementor-element elementor-element-bd9435b e-con-full e-flex e-con e-child\" data-id=\"bd9435b\" data-element_type=\"container\">\n\t\t\t\t<div class=\"elementor-element elementor-element-b5841bd elementor-widget elementor-widget-text-editor\" data-id=\"b5841bd\" data-element_type=\"widget\" data-widget_type=\"text-editor.default\">\n\t\t\t\t<div class=\"elementor-widget-container\">\n\t\t\t\t\t\t\t\t\t<ul><li>Vacuum and mop all surfaces and floors.<\/li><li>Vacuum sofas and armchairs thoroughly, including under cushions.<\/li><li>Dust skirting boards, baseboards, shelves, lamps, and picture frames.<\/li><li>Roll up rugs and clean underneath where possible.<\/li><li>Wipe doors, door frames, and window sills.<\/li><li>Polish mirrors.<\/li><\/ul>\t\t\t\t\t\t\t\t<\/div>\n\t\t\t\t<\/div>\n\t\t\t\t<\/div>\n\t\t\t\t\t<\/details>\n\t\t\t\t\t\t<details id=\"e-n-accordion-item-3742\" class=\"e-n-accordion-item\" >\n\t\t\t\t<summary class=\"e-n-accordion-item-title\" data-accordion-index=\"3\" tabindex=\"-1\" aria-expanded=\"false\" aria-controls=\"e-n-accordion-item-3742\" >\n\t\t\t\t\t<span class='e-n-accordion-item-title-header'><div class=\"e-n-accordion-item-title-text\"> Bedrooms &amp; Other Spaces <\/div><\/span>\n\t\t\t\t\t\t\t<span class='e-n-accordion-item-title-icon'>\n\t\t\t<span class='e-opened' ><i aria-hidden=\"true\" class=\"fas fa-minus\"><\/i><\/span>\n\t\t\t<span class='e-closed'><i aria-hidden=\"true\" class=\"fas fa-plus\"><\/i><\/span>\n\t\t<\/span>\n\n\t\t\t\t\t\t<\/summary>\n\t\t\t\t<div role=\"region\" aria-labelledby=\"e-n-accordion-item-3742\" class=\"elementor-element elementor-element-9889ce8 e-con-full e-flex e-con e-child\" data-id=\"9889ce8\" data-element_type=\"container\">\n\t\t\t\t<div class=\"elementor-element elementor-element-7167004 elementor-widget elementor-widget-text-editor\" data-id=\"7167004\" data-element_type=\"widget\" data-widget_type=\"text-editor.default\">\n\t\t\t\t<div class=\"elementor-widget-container\">\n\t\t\t\t\t\t\t\t\t<ul><li>Vacuum and mop floors and all surfaces, including tables, shelves, and benches.<\/li><li>Dust skirting boards, baseboards, lamps, tops of wardrobes, and accessible heating elements.<\/li><li>Vacuum sofas and armchairs thoroughly, including under cushions.<\/li><li>Roll up rugs and clean underneath where possible.<\/li><li>Wipe doors, door frames, and window sills.<\/li><li>Polish mirrors.<\/li><\/ul>\t\t\t\t\t\t\t\t<\/div>\n\t\t\t\t<\/div>\n\t\t\t\t<\/div>\n\t\t\t\t\t<\/details>\n\t\t\t\t\t\t<details id=\"e-n-accordion-item-3743\" class=\"e-n-accordion-item\" >\n\t\t\t\t<summary class=\"e-n-accordion-item-title\" data-accordion-index=\"4\" tabindex=\"-1\" aria-expanded=\"false\" aria-controls=\"e-n-accordion-item-3743\" >\n\t\t\t\t\t<span class='e-n-accordion-item-title-header'><div class=\"e-n-accordion-item-title-text\"> Bathroom &amp; Toilet <\/div><\/span>\n\t\t\t\t\t\t\t<span class='e-n-accordion-item-title-icon'>\n\t\t\t<span class='e-opened' ><i aria-hidden=\"true\" class=\"fas fa-minus\"><\/i><\/span>\n\t\t\t<span class='e-closed'><i aria-hidden=\"true\" class=\"fas fa-plus\"><\/i><\/span>\n\t\t<\/span>\n\n\t\t\t\t\t\t<\/summary>\n\t\t\t\t<div role=\"region\" aria-labelledby=\"e-n-accordion-item-3743\" class=\"elementor-element elementor-element-c1e645d e-flex e-con-boxed e-con e-child\" data-id=\"c1e645d\" data-element_type=\"container\">\n\t\t\t\t\t<div class=\"e-con-inner\">\n\t\t\t\t<div class=\"elementor-element elementor-element-d59619c elementor-widget elementor-widget-text-editor\" data-id=\"d59619c\" data-element_type=\"widget\" data-widget_type=\"text-editor.default\">\n\t\t\t\t<div class=\"elementor-widget-container\">\n\t\t\t\t\t\t\t\t\t<ul><li>Clean tiles, walls, and floors around sinks, shower, bathtub, and toilet.<\/li><li>Clean toilet, shower stall, and bathtub (customer removes bathtub front if needed).<\/li><li>Polish faucets, taps, pipes, and shower nozzles.<\/li><li>Degrease and descale walls and joints in shower areas where possible.<\/li><li>Clean floor drains.<\/li><li>Clean exterior of cabinets and bathroom appliances.<\/li><li>Clean washing machine detergent holder and tumble dryer filter.<\/li><li>Wipe soap bottles and small accessories.<\/li><li>Vacuum and mop floors.<\/li><li>Polish mirrors.<\/li><\/ul>\t\t\t\t\t\t\t\t<\/div>\n\t\t\t\t<\/div>\n\t\t\t\t\t<\/div>\n\t\t\t\t<\/div>\n\t\t\t\t\t<\/details>\n\t\t\t\t\t<\/div>\n\t\t\t\t\t\t<\/div>\n\t\t\t\t<\/div>\n\t\t<div class=\"elementor-element elementor-element-80dfee1 e-con-full e-flex e-con e-child\" data-id=\"80dfee1\" data-element_type=\"container\">\n\t\t\t\t<\/div>\n\t\t\t\t\t<\/div>\n\t\t\t\t<\/div>\n\t\t\t\t<\/div>","protected":false},"excerpt":{"rendered":"<p>Our one-time home cleaning service is perfect for anyone who wants a thorough cleaning without any long-term commitment. There\u2019s no subscription or binding period \u2014 just professional help when you need it. A major cleaning starts from 1,550 SEK after the RUT deduction, with the price depending on your home\u2019s size. Whether you live in [&hellip;]<\/p>","protected":false},"author":1,"featured_media":0,"parent":0,"menu_order":0,"comment_status":"closed","ping_status":"closed","template":"","meta":{"om_disable_all_campaigns":false,"_monsterinsights_skip_tracking":false,"_monsterinsights_sitenote_active":false,"_monsterinsights_sitenote_note":"","_monsterinsights_sitenote_category":0,"site-sidebar-layout":"no-sidebar","site-content-layout":"page-builder","ast-site-content-layout":"full-width-container","site-content-style":"default","site-sidebar-style":"default","ast-global-header-display":"","ast-banner-title-visibility":"","ast-main-header-display":"","ast-hfb-above-header-display":"","ast-hfb-below-header-display":"","ast-hfb-mobile-header-display":"","site-post-title":"","ast-breadcrumbs-content":"","ast-featured-img":"disabled","footer-sml-layout":"","theme-transparent-header-meta":"","adv-header-id-meta":"","stick-header-meta":"","header-above-stick-meta":"","header-main-stick-meta":"","header-below-stick-meta":"","astra-migrate-meta-layouts":"set","ast-page-background-enabled":"default","ast-page-background-meta":{"desktop":{"background-color":"","background-image":"","background-repeat":"repeat","background-position":"center center","background-size":"auto","background-attachment":"scroll","background-type":"","background-media":"","overlay-type":"","overlay-color":"","overlay-opacity":"","overlay-gradient":""},"tablet":{"background-color":"","background-image":"","background-repeat":"repeat","background-position":"center center","background-size":"auto","background-attachment":"scroll","background-type":"","background-media":"","overlay-type":"","overlay-color":"","overlay-opacity":"","overlay-gradient":""},"mobile":{"background-color":"","background-image":"","background-repeat":"repeat","background-position":"center center","background-size":"auto","background-attachment":"scroll","background-type":"","background-media":"","overlay-type":"","overlay-color":"","overlay-opacity":"","overlay-gradient":""}},"ast-content-background-meta":{"desktop":{"background-color":"var(--ast-global-color-5)","background-image":"","background-repeat":"repeat","background-position":"center center","background-size":"auto","background-attachment":"scroll","background-type":"","background-media":"","overlay-type":"","overlay-color":"","overlay-opacity":"","overlay-gradient":""},"tablet":{"background-color":"var(--ast-global-color-5)","background-image":"","background-repeat":"repeat","background-position":"center center","background-size":"auto","background-attachment":"scroll","background-type":"","background-media":"","overlay-type":"","overlay-color":"","overlay-opacity":"","overlay-gradient":""},"mobile":{"background-color":"var(--ast-global-color-5)","background-image":"","background-repeat":"repeat","background-position":"center center","background-size":"auto","background-attachment":"scroll","background-type":"","background-media":"","overlay-type":"","overlay-color":"","overlay-opacity":"","overlay-gradient":""}},"footnotes":""},"class_list":["post-25681","page","type-page","status-publish","hentry"],"aioseo_notices":[],"yoast_head":"<!-- This site is optimized with the Yoast SEO plugin v26.3 - https:\/\/yoast.com\/wordpress\/plugins\/seo\/ -->\n<title>Deep Cleaning - shynova.se<\/title>\n<meta name=\"robots\" content=\"index, follow, max-snippet:-1, max-image-preview:large, max-video-preview:-1\" \/>\n<link rel=\"canonical\" href=\"https:\/\/shynova.se\/sv\/deep-cleaning\/\" \/>\n<meta property=\"og:locale\" content=\"sv_SE\" \/>\n<meta property=\"og:type\" content=\"article\" \/>\n<meta property=\"og:title\" content=\"Deep Cleaning - shynova.se\" \/>\n<meta property=\"og:description\" content=\"Our one-time home cleaning service is perfect for anyone who wants a thorough cleaning without any long-term commitment. There\u2019s no subscription or binding period \u2014 just professional help when you need it. A major cleaning starts from 1,550 SEK after the RUT deduction, with the price depending on your home\u2019s size. Whether you live in [&hellip;]\" \/>\n<meta property=\"og:url\" content=\"https:\/\/shynova.se\/sv\/deep-cleaning\/\" \/>\n<meta property=\"og:site_name\" content=\"shynova.se\" \/>\n<meta property=\"article:modified_time\" content=\"2025-11-07T12:15:35+00:00\" \/>\n<meta property=\"og:image\" content=\"https:\/\/shynova.se\/wp-content\/uploads\/2025\/10\/6614dc177c4fb7a48889b609_how-to-deep-clean-your-kitchen-in-10-steps.jpg\" \/>\n\t<meta property=\"og:image:width\" content=\"1300\" \/>\n\t<meta property=\"og:image:height\" content=\"866\" \/>\n\t<meta property=\"og:image:type\" content=\"image\/jpeg\" \/>\n<meta name=\"twitter:card\" content=\"summary_large_image\" \/>\n<meta name=\"twitter:label1\" content=\"Ber\u00e4knad l\u00e4stid\" \/>\n\t<meta name=\"twitter:data1\" content=\"3 minuter\" \/>\n<script type=\"application\/ld+json\" class=\"yoast-schema-graph\">{\"@context\":\"https:\/\/schema.org\",\"@graph\":[{\"@type\":\"WebPage\",\"@id\":\"https:\/\/shynova.se\/sv\/deep-cleaning\/\",\"url\":\"https:\/\/shynova.se\/sv\/deep-cleaning\/\",\"name\":\"Deep Cleaning - shynova.se\",\"isPartOf\":{\"@id\":\"https:\/\/shynova.se\/sv\/#website\"},\"primaryImageOfPage\":{\"@id\":\"https:\/\/shynova.se\/sv\/deep-cleaning\/#primaryimage\"},\"image\":{\"@id\":\"https:\/\/shynova.se\/sv\/deep-cleaning\/#primaryimage\"},\"thumbnailUrl\":\"https:\/\/shynova.se\/wp-content\/uploads\/2025\/10\/6614dc177c4fb7a48889b609_how-to-deep-clean-your-kitchen-in-10-steps-1024x682.jpg\",\"datePublished\":\"2025-10-26T09:37:07+00:00\",\"dateModified\":\"2025-11-07T12:15:35+00:00\",\"breadcrumb\":{\"@id\":\"https:\/\/shynova.se\/sv\/deep-cleaning\/#breadcrumb\"},\"inLanguage\":\"sv-SE\",\"potentialAction\":[{\"@type\":\"ReadAction\",\"target\":[\"https:\/\/shynova.se\/sv\/deep-cleaning\/\"]}]},{\"@type\":\"ImageObject\",\"inLanguage\":\"sv-SE\",\"@id\":\"https:\/\/shynova.se\/sv\/deep-cleaning\/#primaryimage\",\"url\":\"https:\/\/shynova.se\/wp-content\/uploads\/2025\/10\/6614dc177c4fb7a48889b609_how-to-deep-clean-your-kitchen-in-10-steps-1024x682.jpg\",\"contentUrl\":\"https:\/\/shynova.se\/wp-content\/uploads\/2025\/10\/6614dc177c4fb7a48889b609_how-to-deep-clean-your-kitchen-in-10-steps-1024x682.jpg\"},{\"@type\":\"BreadcrumbList\",\"@id\":\"https:\/\/shynova.se\/sv\/deep-cleaning\/#breadcrumb\",\"itemListElement\":[{\"@type\":\"ListItem\",\"position\":1,\"name\":\"Home\",\"item\":\"https:\/\/shynova.se\/\"},{\"@type\":\"ListItem\",\"position\":2,\"name\":\"Deep Cleaning\"}]},{\"@type\":\"WebSite\",\"@id\":\"https:\/\/shynova.se\/sv\/#website\",\"url\":\"https:\/\/shynova.se\/sv\/\",\"name\":\"shynova.se\",\"description\":\"\",\"publisher\":{\"@id\":\"https:\/\/shynova.se\/sv\/#organization\"},\"potentialAction\":[{\"@type\":\"SearchAction\",\"target\":{\"@type\":\"EntryPoint\",\"urlTemplate\":\"https:\/\/shynova.se\/sv\/?s={search_term_string}\"},\"query-input\":{\"@type\":\"PropertyValueSpecification\",\"valueRequired\":true,\"valueName\":\"search_term_string\"}}],\"inLanguage\":\"sv-SE\"},{\"@type\":\"Organization\",\"@id\":\"https:\/\/shynova.se\/sv\/#organization\",\"name\":\"shynova.se\",\"url\":\"https:\/\/shynova.se\/sv\/\",\"logo\":{\"@type\":\"ImageObject\",\"inLanguage\":\"sv-SE\",\"@id\":\"https:\/\/shynova.se\/sv\/#\/schema\/logo\/image\/\",\"url\":\"https:\/\/shynova.se\/wp-content\/uploads\/2025\/11\/cropped-Shynova.png\",\"contentUrl\":\"https:\/\/shynova.se\/wp-content\/uploads\/2025\/11\/cropped-Shynova.png\",\"width\":311,\"height\":272,\"caption\":\"shynova.se\"},\"image\":{\"@id\":\"https:\/\/shynova.se\/sv\/#\/schema\/logo\/image\/\"}}]}<\/script>\n<!-- \/ Yoast SEO plugin. -->","yoast_head_json":{"title":"Deep Cleaning - shynova.se","robots":{"index":"index","follow":"follow","max-snippet":"max-snippet:-1","max-image-preview":"max-image-preview:large","max-video-preview":"max-video-preview:-1"},"canonical":"https:\/\/shynova.se\/sv\/deep-cleaning\/","og_locale":"sv_SE","og_type":"article","og_title":"Deep Cleaning - shynova.se","og_description":"Our one-time home cleaning service is perfect for anyone who wants a thorough cleaning without any long-term commitment. There\u2019s no subscription or binding period \u2014 just professional help when you need it. A major cleaning starts from 1,550 SEK after the RUT deduction, with the price depending on your home\u2019s size. Whether you live in [&hellip;]","og_url":"https:\/\/shynova.se\/sv\/deep-cleaning\/","og_site_name":"shynova.se","article_modified_time":"2025-11-07T12:15:35+00:00","og_image":[{"width":1300,"height":866,"url":"https:\/\/shynova.se\/wp-content\/uploads\/2025\/10\/6614dc177c4fb7a48889b609_how-to-deep-clean-your-kitchen-in-10-steps.jpg","type":"image\/jpeg"}],"twitter_card":"summary_large_image","twitter_misc":{"Ber\u00e4knad l\u00e4stid":"3 minuter"},"schema":{"@context":"https:\/\/schema.org","@graph":[{"@type":"WebPage","@id":"https:\/\/shynova.se\/sv\/deep-cleaning\/","url":"https:\/\/shynova.se\/sv\/deep-cleaning\/","name":"Deep Cleaning - shynova.se","isPartOf":{"@id":"https:\/\/shynova.se\/sv\/#website"},"primaryImageOfPage":{"@id":"https:\/\/shynova.se\/sv\/deep-cleaning\/#primaryimage"},"image":{"@id":"https:\/\/shynova.se\/sv\/deep-cleaning\/#primaryimage"},"thumbnailUrl":"https:\/\/shynova.se\/wp-content\/uploads\/2025\/10\/6614dc177c4fb7a48889b609_how-to-deep-clean-your-kitchen-in-10-steps-1024x682.jpg","datePublished":"2025-10-26T09:37:07+00:00","dateModified":"2025-11-07T12:15:35+00:00","breadcrumb":{"@id":"https:\/\/shynova.se\/sv\/deep-cleaning\/#breadcrumb"},"inLanguage":"sv-SE","potentialAction":[{"@type":"ReadAction","target":["https:\/\/shynova.se\/sv\/deep-cleaning\/"]}]},{"@type":"ImageObject","inLanguage":"sv-SE","@id":"https:\/\/shynova.se\/sv\/deep-cleaning\/#primaryimage","url":"https:\/\/shynova.se\/wp-content\/uploads\/2025\/10\/6614dc177c4fb7a48889b609_how-to-deep-clean-your-kitchen-in-10-steps-1024x682.jpg","contentUrl":"https:\/\/shynova.se\/wp-content\/uploads\/2025\/10\/6614dc177c4fb7a48889b609_how-to-deep-clean-your-kitchen-in-10-steps-1024x682.jpg"},{"@type":"BreadcrumbList","@id":"https:\/\/shynova.se\/sv\/deep-cleaning\/#breadcrumb","itemListElement":[{"@type":"ListItem","position":1,"name":"Home","item":"https:\/\/shynova.se\/"},{"@type":"ListItem","position":2,"name":"Deep Cleaning"}]},{"@type":"WebSite","@id":"https:\/\/shynova.se\/sv\/#website","url":"https:\/\/shynova.se\/sv\/","name":"shynova.se","description":"","publisher":{"@id":"https:\/\/shynova.se\/sv\/#organization"},"potentialAction":[{"@type":"SearchAction","target":{"@type":"EntryPoint","urlTemplate":"https:\/\/shynova.se\/sv\/?s={search_term_string}"},"query-input":{"@type":"PropertyValueSpecification","valueRequired":true,"valueName":"search_term_string"}}],"inLanguage":"sv-SE"},{"@type":"Organization","@id":"https:\/\/shynova.se\/sv\/#organization","name":"shynova.se","url":"https:\/\/shynova.se\/sv\/","logo":{"@type":"ImageObject","inLanguage":"sv-SE","@id":"https:\/\/shynova.se\/sv\/#\/schema\/logo\/image\/","url":"https:\/\/shynova.se\/wp-content\/uploads\/2025\/11\/cropped-Shynova.png","contentUrl":"https:\/\/shynova.se\/wp-content\/uploads\/2025\/11\/cropped-Shynova.png","width":311,"height":272,"caption":"shynova.se"},"image":{"@id":"https:\/\/shynova.se\/sv\/#\/schema\/logo\/image\/"}}]}},"_links":{"self":[{"href":"https:\/\/shynova.se\/sv\/wp-json\/wp\/v2\/pages\/25681","targetHints":{"allow":["GET"]}}],"collection":[{"href":"https:\/\/shynova.se\/sv\/wp-json\/wp\/v2\/pages"}],"about":[{"href":"https:\/\/shynova.se\/sv\/wp-json\/wp\/v2\/types\/page"}],"author":[{"embeddable":true,"href":"https:\/\/shynova.se\/sv\/wp-json\/wp\/v2\/users\/1"}],"replies":[{"embeddable":true,"href":"https:\/\/shynova.se\/sv\/wp-json\/wp\/v2\/comments?post=25681"}],"version-history":[{"count":13,"href":"https:\/\/shynova.se\/sv\/wp-json\/wp\/v2\/pages\/25681\/revisions"}],"predecessor-version":[{"id":25848,"href":"https:\/\/shynova.se\/sv\/wp-json\/wp\/v2\/pages\/25681\/revisions\/25848"}],"wp:attachment":[{"href":"https:\/\/shynova.se\/sv\/wp-json\/wp\/v2\/media?parent=25681"}],"curies":[{"name":"wp","href":"https:\/\/api.w.org\/{rel}","templated":true}]}}