{"id":25676,"date":"2025-10-26T09:30:11","date_gmt":"2025-10-26T09:30:11","guid":{"rendered":"https:\/\/shynova.se\/?page_id=25676"},"modified":"2025-11-07T10:14:35","modified_gmt":"2025-11-07T10:14:35","slug":"regular-cleaning","status":"publish","type":"page","link":"https:\/\/shynova.se\/sv\/regular-cleaning\/","title":{"rendered":"Regelbunden reng\u00f6ring"},"content":{"rendered":"<div data-elementor-type=\"wp-page\" data-elementor-id=\"25676\" class=\"elementor elementor-25676\">\n\t\t\t\t<div class=\"elementor-element elementor-element-5dd89ca e-flex e-con-boxed e-con e-parent\" data-id=\"5dd89ca\" data-element_type=\"container\">\n\t\t\t\t\t<div class=\"e-con-inner\">\n\t\t\t\t<div class=\"elementor-element elementor-element-6059cd2 elementor-widget elementor-widget-image\" data-id=\"6059cd2\" data-element_type=\"widget\" data-widget_type=\"image.default\">\n\t\t\t\t<div class=\"elementor-widget-container\">\n\t\t\t\t\t\t\t\t\t\t\t\t\t\t\t<img fetchpriority=\"high\" decoding=\"async\" width=\"540\" height=\"360\" src=\"https:\/\/shynova.se\/wp-content\/uploads\/2025\/10\/360_F_700282967_PPjJJTKX7xdVOlHCeNnrDPaA4EnDnPMq.jpg\" class=\"attachment-large size-large wp-image-25665\" alt=\"\" srcset=\"https:\/\/shynova.se\/wp-content\/uploads\/2025\/10\/360_F_700282967_PPjJJTKX7xdVOlHCeNnrDPaA4EnDnPMq.jpg 540w, https:\/\/shynova.se\/wp-content\/uploads\/2025\/10\/360_F_700282967_PPjJJTKX7xdVOlHCeNnrDPaA4EnDnPMq-300x200.jpg 300w\" sizes=\"(max-width: 540px) 100vw, 540px\" \/>\t\t\t\t\t\t\t\t\t\t\t\t\t\t\t<\/div>\n\t\t\t\t<\/div>\n\t\t\t\t\t<\/div>\n\t\t\t\t<\/div>\n\t\t<div class=\"elementor-element elementor-element-9dd689c e-flex e-con-boxed e-con e-parent\" data-id=\"9dd689c\" data-element_type=\"container\">\n\t\t\t\t\t<div class=\"e-con-inner\">\n\t\t\t\t<div class=\"elementor-element elementor-element-63b4c2b elementor-widget elementor-widget-text-editor\" data-id=\"63b4c2b\" data-element_type=\"widget\" data-widget_type=\"text-editor.default\">\n\t\t\t\t<div class=\"elementor-widget-container\">\n\t\t\t\t\t\t\t\t\t<p style=\"text-align: center;\" data-start=\"102\" data-end=\"380\">We want every visit to leave your home feeling spotless, fresh, and comfortable \u2014 a touch of everyday luxury you can truly enjoy. No matter how often you choose to have us clean, every session follows our detailed cleaning checklist to ensure consistent, high-quality results.\u00a0<span style=\"font-style: inherit; font-weight: inherit;\">At <\/span><strong style=\"font-style: inherit;\" data-start=\"385\" data-end=\"396\">Shynova<\/strong><span style=\"font-style: inherit; font-weight: inherit;\">, we\u2019re always happy to tailor our service to your specific needs and preferences, so you feel completely satisfied after every clean.\u00a0<\/span><span style=\"font-style: inherit; font-weight: inherit;\">As part of our regular cleaning, we can also take care of extra tasks such as <\/span><strong style=\"font-style: inherit;\" data-start=\"612\" data-end=\"635\">ironing and laundry<\/strong><span style=\"font-style: inherit; font-weight: inherit;\">, making your everyday life even easier.<\/span><\/p>\t\t\t\t\t\t\t\t<\/div>\n\t\t\t\t<\/div>\n\t\t\t\t\t<\/div>\n\t\t\t\t<\/div>\n\t\t<div class=\"elementor-element elementor-element-8644799 e-flex e-con-boxed e-con e-parent\" data-id=\"8644799\" data-element_type=\"container\">\n\t\t\t\t\t<div class=\"e-con-inner\">\n\t\t\t\t<div class=\"elementor-element elementor-element-96fbb1d elementor-widget elementor-widget-n-accordion\" data-id=\"96fbb1d\" data-element_type=\"widget\" data-settings=\"{&quot;default_state&quot;:&quot;expanded&quot;,&quot;max_items_expended&quot;:&quot;one&quot;,&quot;n_accordion_animation_duration&quot;:{&quot;unit&quot;:&quot;ms&quot;,&quot;size&quot;:400,&quot;sizes&quot;:[]}}\" data-widget_type=\"nested-accordion.default\">\n\t\t\t\t<div class=\"elementor-widget-container\">\n\t\t\t\t\t\t\t<div class=\"e-n-accordion\" aria-label=\"Dragspel. \u00d6ppna l\u00e4nkar med Enter eller Space, st\u00e4ng med Escape och navigera med piltangenterna\">\n\t\t\t\t\t\t<details id=\"e-n-accordion-item-1580\" class=\"e-n-accordion-item\" open>\n\t\t\t\t<summary class=\"e-n-accordion-item-title\" data-accordion-index=\"1\" tabindex=\"0\" aria-expanded=\"true\" aria-controls=\"e-n-accordion-item-1580\" >\n\t\t\t\t\t<span class='e-n-accordion-item-title-header'><div class=\"e-n-accordion-item-title-text\"> K\u00f6k <\/div><\/span>\n\t\t\t\t\t\t\t<span class='e-n-accordion-item-title-icon'>\n\t\t\t<span class='e-opened' ><i aria-hidden=\"true\" class=\"fas fa-minus\"><\/i><\/span>\n\t\t\t<span class='e-closed'><i aria-hidden=\"true\" class=\"fas fa-plus\"><\/i><\/span>\n\t\t<\/span>\n\n\t\t\t\t\t\t<\/summary>\n\t\t\t\t<div role=\"region\" aria-labelledby=\"e-n-accordion-item-1580\" class=\"elementor-element elementor-element-0e2b623 e-con-full e-flex e-con e-child\" data-id=\"0e2b623\" data-element_type=\"container\">\n\t\t\t\t<div class=\"elementor-element elementor-element-d11abc9 elementor-widget elementor-widget-text-editor\" data-id=\"d11abc9\" data-element_type=\"widget\" data-widget_type=\"text-editor.default\">\n\t\t\t\t<div class=\"elementor-widget-container\">\n\t\t\t\t\t\t\t\t\t<ul><li>Clean all tiles above the sink.<\/li><li>Wipe the exterior of kitchen cabinets and doors.<\/li><li>Clean the outside of all appliances, including coffee makers, toasters, kettles, and microwaves (inside cleaning included).<\/li><li>Dust reachable lamps and light fixtures.<\/li><li>Clean the sink and taps.<\/li><li>Wipe ceiling fans and surrounding areas as accessible.<\/li><li>Load dishes into the dishwasher if desired.<\/li><li>Empty trash bins and wipe the area under the sink.<\/li><li>Vacuum and mop the floor.<\/li><li>Wipe down all accessible surfaces, such as tables, benches, shelves, and electrical outlets.<\/li><li>Dust skirting boards and baseboards.<\/li><li>Wipe doors, door frames, and window sills.<\/li><\/ul>\t\t\t\t\t\t\t\t<\/div>\n\t\t\t\t<\/div>\n\t\t\t\t<\/div>\n\t\t\t\t\t<\/details>\n\t\t\t\t\t\t<details id=\"e-n-accordion-item-1581\" class=\"e-n-accordion-item\" >\n\t\t\t\t<summary class=\"e-n-accordion-item-title\" data-accordion-index=\"2\" tabindex=\"-1\" aria-expanded=\"false\" aria-controls=\"e-n-accordion-item-1581\" >\n\t\t\t\t\t<span class='e-n-accordion-item-title-header'><div class=\"e-n-accordion-item-title-text\"> Vardagsrum <\/div><\/span>\n\t\t\t\t\t\t\t<span class='e-n-accordion-item-title-icon'>\n\t\t\t<span class='e-opened' ><i aria-hidden=\"true\" class=\"fas fa-minus\"><\/i><\/span>\n\t\t\t<span class='e-closed'><i aria-hidden=\"true\" class=\"fas fa-plus\"><\/i><\/span>\n\t\t<\/span>\n\n\t\t\t\t\t\t<\/summary>\n\t\t\t\t<div role=\"region\" aria-labelledby=\"e-n-accordion-item-1581\" class=\"elementor-element elementor-element-257e977 e-con-full e-flex e-con e-child\" data-id=\"257e977\" data-element_type=\"container\">\n\t\t\t\t<div class=\"elementor-element elementor-element-3b339ba elementor-widget elementor-widget-text-editor\" data-id=\"3b339ba\" data-element_type=\"widget\" data-widget_type=\"text-editor.default\">\n\t\t\t\t<div class=\"elementor-widget-container\">\n\t\t\t\t\t\t\t\t\t<ul><li>Vacuum and mop all surfaces, including tables, benches, shelves, and electrical outlets.<\/li><li>Vacuum sofas and armchairs, including under the cushions.<\/li><li>Clean carpets thoroughly, including edges, and mop the floor.<\/li><li>Dust skirting boards, baseboards, lamps, and picture frames.<\/li><li>Polish mirrors.<\/li><li>Wipe doors, door frames, and window sills.<\/li><\/ul>\t\t\t\t\t\t\t\t<\/div>\n\t\t\t\t<\/div>\n\t\t\t\t<\/div>\n\t\t\t\t\t<\/details>\n\t\t\t\t\t\t<details id=\"e-n-accordion-item-1582\" class=\"e-n-accordion-item\" >\n\t\t\t\t<summary class=\"e-n-accordion-item-title\" data-accordion-index=\"3\" tabindex=\"-1\" aria-expanded=\"false\" aria-controls=\"e-n-accordion-item-1582\" >\n\t\t\t\t\t<span class='e-n-accordion-item-title-header'><div class=\"e-n-accordion-item-title-text\"> Sovrum och andra utrymmen <\/div><\/span>\n\t\t\t\t\t\t\t<span class='e-n-accordion-item-title-icon'>\n\t\t\t<span class='e-opened' ><i aria-hidden=\"true\" class=\"fas fa-minus\"><\/i><\/span>\n\t\t\t<span class='e-closed'><i aria-hidden=\"true\" class=\"fas fa-plus\"><\/i><\/span>\n\t\t<\/span>\n\n\t\t\t\t\t\t<\/summary>\n\t\t\t\t<div role=\"region\" aria-labelledby=\"e-n-accordion-item-1582\" class=\"elementor-element elementor-element-ef3d218 e-con-full e-flex e-con e-child\" data-id=\"ef3d218\" data-element_type=\"container\">\n\t\t\t\t<div class=\"elementor-element elementor-element-444f962 elementor-widget elementor-widget-text-editor\" data-id=\"444f962\" data-element_type=\"widget\" data-widget_type=\"text-editor.default\">\n\t\t\t\t<div class=\"elementor-widget-container\">\n\t\t\t\t\t\t\t\t\t<ul><li>Vacuum and mop all surfaces, including tables, benches, shelves, and electrical outlets.<\/li><li>Clean carpets thoroughly, including edges, and mop the floor.<\/li><li>Dust skirting boards, baseboards, and reachable lamps.<\/li><li>Polish mirrors.<\/li><li>Wipe doors, door frames, and window sills.<\/li><li>Vacuum sofas and armchairs, including under the cushions.<\/li><\/ul>\t\t\t\t\t\t\t\t<\/div>\n\t\t\t\t<\/div>\n\t\t\t\t<\/div>\n\t\t\t\t\t<\/details>\n\t\t\t\t\t\t<details id=\"e-n-accordion-item-1583\" class=\"e-n-accordion-item\" >\n\t\t\t\t<summary class=\"e-n-accordion-item-title\" data-accordion-index=\"4\" tabindex=\"-1\" aria-expanded=\"false\" aria-controls=\"e-n-accordion-item-1583\" >\n\t\t\t\t\t<span class='e-n-accordion-item-title-header'><div class=\"e-n-accordion-item-title-text\"> Badrum och toalett <\/div><\/span>\n\t\t\t\t\t\t\t<span class='e-n-accordion-item-title-icon'>\n\t\t\t<span class='e-opened' ><i aria-hidden=\"true\" class=\"fas fa-minus\"><\/i><\/span>\n\t\t\t<span class='e-closed'><i aria-hidden=\"true\" class=\"fas fa-plus\"><\/i><\/span>\n\t\t<\/span>\n\n\t\t\t\t\t\t<\/summary>\n\t\t\t\t<div role=\"region\" aria-labelledby=\"e-n-accordion-item-1583\" class=\"elementor-element elementor-element-44cf422 e-flex e-con-boxed e-con e-child\" data-id=\"44cf422\" data-element_type=\"container\">\n\t\t\t\t\t<div class=\"e-con-inner\">\n\t\t\t\t<div class=\"elementor-element elementor-element-32ecdf3 elementor-widget elementor-widget-text-editor\" data-id=\"32ecdf3\" data-element_type=\"widget\" data-widget_type=\"text-editor.default\">\n\t\t\t\t<div class=\"elementor-widget-container\">\n\t\t\t\t\t\t\t\t\t<ul><li>Clean all tiles around the sink, shower, bathtub, and toilet.<\/li><li>Clean the toilet, shower stall, and bathtub (without disassembling fixtures).<\/li><li>Dust reachable lamps.<\/li><li>Clean taps and visible pipes.<\/li><li>Vacuum and mop the floor.<\/li><li>Polish mirrors.<\/li><li>Wipe the exterior of bathroom furniture and appliances.<\/li><li>Wipe doors, door frames, and window sills.<\/li><\/ul>\t\t\t\t\t\t\t\t<\/div>\n\t\t\t\t<\/div>\n\t\t\t\t\t<\/div>\n\t\t\t\t<\/div>\n\t\t\t\t\t<\/details>\n\t\t\t\t\t<\/div>\n\t\t\t\t\t\t<\/div>\n\t\t\t\t<\/div>\n\t\t\t\t\t<\/div>\n\t\t\t\t<\/div>\n\t\t\t\t<\/div>","protected":false},"excerpt":{"rendered":"<p>We want every visit to leave your home feeling spotless, fresh, and comfortable \u2014 a touch of everyday luxury you can truly enjoy. No matter how often you choose to have us clean, every session follows our detailed cleaning checklist to ensure consistent, high-quality results.\u00a0At Shynova, we\u2019re always happy to tailor our service to your [&hellip;]<\/p>","protected":false},"author":1,"featured_media":0,"parent":0,"menu_order":0,"comment_status":"closed","ping_status":"closed","template":"","meta":{"om_disable_all_campaigns":false,"_monsterinsights_skip_tracking":false,"_monsterinsights_sitenote_active":false,"_monsterinsights_sitenote_note":"","_monsterinsights_sitenote_category":0,"site-sidebar-layout":"no-sidebar","site-content-layout":"page-builder","ast-site-content-layout":"full-width-container","site-content-style":"default","site-sidebar-style":"default","ast-global-header-display":"","ast-banner-title-visibility":"","ast-main-header-display":"","ast-hfb-above-header-display":"","ast-hfb-below-header-display":"","ast-hfb-mobile-header-display":"","site-post-title":"","ast-breadcrumbs-content":"","ast-featured-img":"disabled","footer-sml-layout":"","theme-transparent-header-meta":"","adv-header-id-meta":"","stick-header-meta":"","header-above-stick-meta":"","header-main-stick-meta":"","header-below-stick-meta":"","astra-migrate-meta-layouts":"set","ast-page-background-enabled":"default","ast-page-background-meta":{"desktop":{"background-color":"","background-image":"","background-repeat":"repeat","background-position":"center center","background-size":"auto","background-attachment":"scroll","background-type":"","background-media":"","overlay-type":"","overlay-color":"","overlay-opacity":"","overlay-gradient":""},"tablet":{"background-color":"","background-image":"","background-repeat":"repeat","background-position":"center center","background-size":"auto","background-attachment":"scroll","background-type":"","background-media":"","overlay-type":"","overlay-color":"","overlay-opacity":"","overlay-gradient":""},"mobile":{"background-color":"","background-image":"","background-repeat":"repeat","background-position":"center center","background-size":"auto","background-attachment":"scroll","background-type":"","background-media":"","overlay-type":"","overlay-color":"","overlay-opacity":"","overlay-gradient":""}},"ast-content-background-meta":{"desktop":{"background-color":"var(--ast-global-color-5)","background-image":"","background-repeat":"repeat","background-position":"center center","background-size":"auto","background-attachment":"scroll","background-type":"","background-media":"","overlay-type":"","overlay-color":"","overlay-opacity":"","overlay-gradient":""},"tablet":{"background-color":"var(--ast-global-color-5)","background-image":"","background-repeat":"repeat","background-position":"center center","background-size":"auto","background-attachment":"scroll","background-type":"","background-media":"","overlay-type":"","overlay-color":"","overlay-opacity":"","overlay-gradient":""},"mobile":{"background-color":"var(--ast-global-color-5)","background-image":"","background-repeat":"repeat","background-position":"center center","background-size":"auto","background-attachment":"scroll","background-type":"","background-media":"","overlay-type":"","overlay-color":"","overlay-opacity":"","overlay-gradient":""}},"footnotes":""},"class_list":["post-25676","page","type-page","status-publish","hentry"],"aioseo_notices":[],"yoast_head":"<!-- This site is optimized with the Yoast SEO plugin v26.3 - https:\/\/yoast.com\/wordpress\/plugins\/seo\/ -->\n<title>Regular cleaning - shynova.se<\/title>\n<meta name=\"robots\" content=\"index, follow, max-snippet:-1, max-image-preview:large, max-video-preview:-1\" \/>\n<link rel=\"canonical\" href=\"https:\/\/shynova.se\/sv\/regular-cleaning\/\" \/>\n<meta property=\"og:locale\" content=\"sv_SE\" \/>\n<meta property=\"og:type\" content=\"article\" \/>\n<meta property=\"og:title\" content=\"Regular cleaning - shynova.se\" \/>\n<meta property=\"og:description\" content=\"We want every visit to leave your home feeling spotless, fresh, and comfortable \u2014 a touch of everyday luxury you can truly enjoy. No matter how often you choose to have us clean, every session follows our detailed cleaning checklist to ensure consistent, high-quality results.\u00a0At Shynova, we\u2019re always happy to tailor our service to your [&hellip;]\" \/>\n<meta property=\"og:url\" content=\"https:\/\/shynova.se\/sv\/regular-cleaning\/\" \/>\n<meta property=\"og:site_name\" content=\"shynova.se\" \/>\n<meta property=\"article:modified_time\" content=\"2025-11-07T10:14:35+00:00\" \/>\n<meta property=\"og:image\" content=\"https:\/\/shynova.se\/wp-content\/uploads\/2025\/10\/360_F_700282967_PPjJJTKX7xdVOlHCeNnrDPaA4EnDnPMq.jpg\" \/>\n\t<meta property=\"og:image:width\" content=\"540\" \/>\n\t<meta property=\"og:image:height\" content=\"360\" \/>\n\t<meta property=\"og:image:type\" content=\"image\/jpeg\" \/>\n<meta name=\"twitter:card\" content=\"summary_large_image\" \/>\n<meta name=\"twitter:label1\" content=\"Ber\u00e4knad l\u00e4stid\" \/>\n\t<meta name=\"twitter:data1\" content=\"3 minuter\" \/>\n<script type=\"application\/ld+json\" class=\"yoast-schema-graph\">{\"@context\":\"https:\/\/schema.org\",\"@graph\":[{\"@type\":\"WebPage\",\"@id\":\"https:\/\/shynova.se\/sv\/regular-cleaning\/\",\"url\":\"https:\/\/shynova.se\/sv\/regular-cleaning\/\",\"name\":\"Regular cleaning - shynova.se\",\"isPartOf\":{\"@id\":\"https:\/\/shynova.se\/sv\/#website\"},\"primaryImageOfPage\":{\"@id\":\"https:\/\/shynova.se\/sv\/regular-cleaning\/#primaryimage\"},\"image\":{\"@id\":\"https:\/\/shynova.se\/sv\/regular-cleaning\/#primaryimage\"},\"thumbnailUrl\":\"https:\/\/shynova.se\/wp-content\/uploads\/2025\/10\/360_F_700282967_PPjJJTKX7xdVOlHCeNnrDPaA4EnDnPMq.jpg\",\"datePublished\":\"2025-10-26T09:30:11+00:00\",\"dateModified\":\"2025-11-07T10:14:35+00:00\",\"breadcrumb\":{\"@id\":\"https:\/\/shynova.se\/sv\/regular-cleaning\/#breadcrumb\"},\"inLanguage\":\"sv-SE\",\"potentialAction\":[{\"@type\":\"ReadAction\",\"target\":[\"https:\/\/shynova.se\/sv\/regular-cleaning\/\"]}]},{\"@type\":\"ImageObject\",\"inLanguage\":\"sv-SE\",\"@id\":\"https:\/\/shynova.se\/sv\/regular-cleaning\/#primaryimage\",\"url\":\"https:\/\/shynova.se\/wp-content\/uploads\/2025\/10\/360_F_700282967_PPjJJTKX7xdVOlHCeNnrDPaA4EnDnPMq.jpg\",\"contentUrl\":\"https:\/\/shynova.se\/wp-content\/uploads\/2025\/10\/360_F_700282967_PPjJJTKX7xdVOlHCeNnrDPaA4EnDnPMq.jpg\"},{\"@type\":\"BreadcrumbList\",\"@id\":\"https:\/\/shynova.se\/sv\/regular-cleaning\/#breadcrumb\",\"itemListElement\":[{\"@type\":\"ListItem\",\"position\":1,\"name\":\"Home\",\"item\":\"https:\/\/shynova.se\/\"},{\"@type\":\"ListItem\",\"position\":2,\"name\":\"Regular cleaning\"}]},{\"@type\":\"WebSite\",\"@id\":\"https:\/\/shynova.se\/sv\/#website\",\"url\":\"https:\/\/shynova.se\/sv\/\",\"name\":\"shynova.se\",\"description\":\"\",\"publisher\":{\"@id\":\"https:\/\/shynova.se\/sv\/#organization\"},\"potentialAction\":[{\"@type\":\"SearchAction\",\"target\":{\"@type\":\"EntryPoint\",\"urlTemplate\":\"https:\/\/shynova.se\/sv\/?s={search_term_string}\"},\"query-input\":{\"@type\":\"PropertyValueSpecification\",\"valueRequired\":true,\"valueName\":\"search_term_string\"}}],\"inLanguage\":\"sv-SE\"},{\"@type\":\"Organization\",\"@id\":\"https:\/\/shynova.se\/sv\/#organization\",\"name\":\"shynova.se\",\"url\":\"https:\/\/shynova.se\/sv\/\",\"logo\":{\"@type\":\"ImageObject\",\"inLanguage\":\"sv-SE\",\"@id\":\"https:\/\/shynova.se\/sv\/#\/schema\/logo\/image\/\",\"url\":\"https:\/\/shynova.se\/wp-content\/uploads\/2025\/11\/cropped-Shynova.png\",\"contentUrl\":\"https:\/\/shynova.se\/wp-content\/uploads\/2025\/11\/cropped-Shynova.png\",\"width\":311,\"height\":272,\"caption\":\"shynova.se\"},\"image\":{\"@id\":\"https:\/\/shynova.se\/sv\/#\/schema\/logo\/image\/\"}}]}<\/script>\n<!-- \/ Yoast SEO plugin. -->","yoast_head_json":{"title":"Regular cleaning - shynova.se","robots":{"index":"index","follow":"follow","max-snippet":"max-snippet:-1","max-image-preview":"max-image-preview:large","max-video-preview":"max-video-preview:-1"},"canonical":"https:\/\/shynova.se\/sv\/regular-cleaning\/","og_locale":"sv_SE","og_type":"article","og_title":"Regular cleaning - shynova.se","og_description":"We want every visit to leave your home feeling spotless, fresh, and comfortable \u2014 a touch of everyday luxury you can truly enjoy. No matter how often you choose to have us clean, every session follows our detailed cleaning checklist to ensure consistent, high-quality results.\u00a0At Shynova, we\u2019re always happy to tailor our service to your [&hellip;]","og_url":"https:\/\/shynova.se\/sv\/regular-cleaning\/","og_site_name":"shynova.se","article_modified_time":"2025-11-07T10:14:35+00:00","og_image":[{"width":540,"height":360,"url":"https:\/\/shynova.se\/wp-content\/uploads\/2025\/10\/360_F_700282967_PPjJJTKX7xdVOlHCeNnrDPaA4EnDnPMq.jpg","type":"image\/jpeg"}],"twitter_card":"summary_large_image","twitter_misc":{"Ber\u00e4knad l\u00e4stid":"3 minuter"},"schema":{"@context":"https:\/\/schema.org","@graph":[{"@type":"WebPage","@id":"https:\/\/shynova.se\/sv\/regular-cleaning\/","url":"https:\/\/shynova.se\/sv\/regular-cleaning\/","name":"Regular cleaning - shynova.se","isPartOf":{"@id":"https:\/\/shynova.se\/sv\/#website"},"primaryImageOfPage":{"@id":"https:\/\/shynova.se\/sv\/regular-cleaning\/#primaryimage"},"image":{"@id":"https:\/\/shynova.se\/sv\/regular-cleaning\/#primaryimage"},"thumbnailUrl":"https:\/\/shynova.se\/wp-content\/uploads\/2025\/10\/360_F_700282967_PPjJJTKX7xdVOlHCeNnrDPaA4EnDnPMq.jpg","datePublished":"2025-10-26T09:30:11+00:00","dateModified":"2025-11-07T10:14:35+00:00","breadcrumb":{"@id":"https:\/\/shynova.se\/sv\/regular-cleaning\/#breadcrumb"},"inLanguage":"sv-SE","potentialAction":[{"@type":"ReadAction","target":["https:\/\/shynova.se\/sv\/regular-cleaning\/"]}]},{"@type":"ImageObject","inLanguage":"sv-SE","@id":"https:\/\/shynova.se\/sv\/regular-cleaning\/#primaryimage","url":"https:\/\/shynova.se\/wp-content\/uploads\/2025\/10\/360_F_700282967_PPjJJTKX7xdVOlHCeNnrDPaA4EnDnPMq.jpg","contentUrl":"https:\/\/shynova.se\/wp-content\/uploads\/2025\/10\/360_F_700282967_PPjJJTKX7xdVOlHCeNnrDPaA4EnDnPMq.jpg"},{"@type":"BreadcrumbList","@id":"https:\/\/shynova.se\/sv\/regular-cleaning\/#breadcrumb","itemListElement":[{"@type":"ListItem","position":1,"name":"Home","item":"https:\/\/shynova.se\/"},{"@type":"ListItem","position":2,"name":"Regular cleaning"}]},{"@type":"WebSite","@id":"https:\/\/shynova.se\/sv\/#website","url":"https:\/\/shynova.se\/sv\/","name":"shynova.se","description":"","publisher":{"@id":"https:\/\/shynova.se\/sv\/#organization"},"potentialAction":[{"@type":"SearchAction","target":{"@type":"EntryPoint","urlTemplate":"https:\/\/shynova.se\/sv\/?s={search_term_string}"},"query-input":{"@type":"PropertyValueSpecification","valueRequired":true,"valueName":"search_term_string"}}],"inLanguage":"sv-SE"},{"@type":"Organization","@id":"https:\/\/shynova.se\/sv\/#organization","name":"shynova.se","url":"https:\/\/shynova.se\/sv\/","logo":{"@type":"ImageObject","inLanguage":"sv-SE","@id":"https:\/\/shynova.se\/sv\/#\/schema\/logo\/image\/","url":"https:\/\/shynova.se\/wp-content\/uploads\/2025\/11\/cropped-Shynova.png","contentUrl":"https:\/\/shynova.se\/wp-content\/uploads\/2025\/11\/cropped-Shynova.png","width":311,"height":272,"caption":"shynova.se"},"image":{"@id":"https:\/\/shynova.se\/sv\/#\/schema\/logo\/image\/"}}]}},"_links":{"self":[{"href":"https:\/\/shynova.se\/sv\/wp-json\/wp\/v2\/pages\/25676","targetHints":{"allow":["GET"]}}],"collection":[{"href":"https:\/\/shynova.se\/sv\/wp-json\/wp\/v2\/pages"}],"about":[{"href":"https:\/\/shynova.se\/sv\/wp-json\/wp\/v2\/types\/page"}],"author":[{"embeddable":true,"href":"https:\/\/shynova.se\/sv\/wp-json\/wp\/v2\/users\/1"}],"replies":[{"embeddable":true,"href":"https:\/\/shynova.se\/sv\/wp-json\/wp\/v2\/comments?post=25676"}],"version-history":[{"count":5,"href":"https:\/\/shynova.se\/sv\/wp-json\/wp\/v2\/pages\/25676\/revisions"}],"predecessor-version":[{"id":25827,"href":"https:\/\/shynova.se\/sv\/wp-json\/wp\/v2\/pages\/25676\/revisions\/25827"}],"wp:attachment":[{"href":"https:\/\/shynova.se\/sv\/wp-json\/wp\/v2\/media?parent=25676"}],"curies":[{"name":"wp","href":"https:\/\/api.w.org\/{rel}","templated":true}]}}