{"id":24,"date":"2025-10-23T08:43:32","date_gmt":"2025-10-23T08:43:32","guid":{"rendered":"https:\/\/lightyellow-owl-686379.hostingersite.com\/contact\/"},"modified":"2025-10-29T22:43:30","modified_gmt":"2025-10-29T22:43:30","slug":"contact","status":"publish","type":"page","link":"https:\/\/shynova.se\/sv\/contact\/","title":{"rendered":"Kontakt"},"content":{"rendered":"<div data-elementor-type=\"wp-post\" data-elementor-id=\"24\" class=\"elementor elementor-24\">\n\t\t\t\t<div class=\"elementor-element elementor-element-874b428 e-flex e-con-boxed e-con e-parent\" data-id=\"874b428\" data-element_type=\"container\" data-settings=\"{&quot;background_background&quot;:&quot;classic&quot;}\">\n\t\t\t\t\t<div class=\"e-con-inner\">\n\t\t<div class=\"elementor-element elementor-element-d6b4c36 e-con-full e-flex e-con e-child\" data-id=\"d6b4c36\" data-element_type=\"container\">\n\t\t\t\t<div class=\"elementor-element elementor-element-f9177d5 elementor-widget elementor-widget-heading\" data-id=\"f9177d5\" data-element_type=\"widget\" data-widget_type=\"heading.default\">\n\t\t\t\t<div class=\"elementor-widget-container\">\n\t\t\t\t\t<h1 class=\"elementor-heading-title elementor-size-default\">Kontakta oss och njut av din lediga tid<\/h1>\t\t\t\t<\/div>\n\t\t\t\t<\/div>\n\t\t\t\t<\/div>\n\t\t\t\t\t<\/div>\n\t\t\t\t<\/div>\n\t\t<div class=\"elementor-element elementor-element-353e5ba e-flex e-con-boxed e-con e-parent\" data-id=\"353e5ba\" data-element_type=\"container\" data-settings=\"{&quot;background_background&quot;:&quot;classic&quot;}\">\n\t\t\t\t\t<div class=\"e-con-inner\">\n\t\t<div class=\"elementor-element elementor-element-f74a8ec e-con-full e-flex e-con e-child\" data-id=\"f74a8ec\" data-element_type=\"container\">\n\t\t\t\t<div class=\"elementor-element elementor-element-4dca31f elementor-widget elementor-widget-wpforms\" data-id=\"4dca31f\" data-element_type=\"widget\" data-widget_type=\"wpforms.default\">\n\t\t\t\t<div class=\"elementor-widget-container\">\n\t\t\t\t\t<div class=\"wpforms-container\" id=\"wpforms-4\"><form id=\"wpforms-form-4\" class=\"wpforms-validate wpforms-form\" data-formid=\"4\" method=\"post\" enctype=\"multipart\/form-data\" action=\"\/sv\/wp-json\/wp\/v2\/pages\/24\" data-token=\"28aad13abb31609949adf2a6c2883114\" data-token-time=\"1776508106\" data-trp-original-action=\"\/sv\/wp-json\/wp\/v2\/pages\/24\"><noscript class=\"wpforms-error-noscript\">Aktivera JavaScript i din webbl\u00e4sare f\u00f6r att fylla i formul\u00e4ret.<\/noscript><div class=\"wpforms-field-container\"><div id=\"wpforms-4-field_0-container\" class=\"wpforms-field wpforms-field-name\" data-field-id=\"0\"><label class=\"wpforms-field-label wpforms-label-hide\" for=\"wpforms-4-field_0\">Namn <span class=\"wpforms-required-label\">*<\/span><\/label><input type=\"text\" id=\"wpforms-4-field_0\" class=\"wpforms-field-large wpforms-field-required\" name=\"wpforms[fields][0]\" placeholder=\"Namn\" required><\/div><div id=\"wpforms-4-field_1-container\" class=\"wpforms-field wpforms-field-email\" data-field-id=\"1\"><label class=\"wpforms-field-label wpforms-label-hide\" for=\"wpforms-4-field_1\">E-post<\/label><input type=\"email\" id=\"wpforms-4-field_1\" class=\"wpforms-field-large\" name=\"wpforms[fields][1]\" placeholder=\"E-post\" spellcheck=\"false\" ><\/div><div id=\"wpforms-4-field_3-container\" class=\"wpforms-field wpforms-field-number\" data-field-id=\"3\"><label class=\"wpforms-field-label wpforms-label-hide\" for=\"wpforms-4-field_3\">Siffror<\/label><input type=\"number\" id=\"wpforms-4-field_3\" class=\"wpforms-field-large\" name=\"wpforms[fields][3]\" placeholder=\"Kontaktnummer\" step=\"any\" ><\/div><div id=\"wpforms-4-field_5-container\" class=\"wpforms-field wpforms-field-radio wpforms-list-inline\" data-field-id=\"5\"><label class=\"wpforms-field-label wpforms-label-hide\">Flervalsfr\u00e5gor <span class=\"wpforms-required-label\">*<\/span><\/label><ul id=\"wpforms-4-field_5\" class=\"wpforms-field-required\"><li class=\"choice-1 depth-1\"><input type=\"radio\" id=\"wpforms-4-field_5_1\" name=\"wpforms[fields][5]\" value=\"Regular Cleaning\" required><label class=\"wpforms-field-label-inline\" for=\"wpforms-4-field_5_1\">Regelbunden reng\u00f6ring<\/label><\/li><li class=\"choice-2 depth-1\"><input type=\"radio\" id=\"wpforms-4-field_5_2\" name=\"wpforms[fields][5]\" value=\"Deep Cleaning\" required><label class=\"wpforms-field-label-inline\" for=\"wpforms-4-field_5_2\">Djup reng\u00f6ring<\/label><\/li><li class=\"choice-3 depth-1\"><input type=\"radio\" id=\"wpforms-4-field_5_3\" name=\"wpforms[fields][5]\" value=\"Moving Cleaning\" required><label class=\"wpforms-field-label-inline\" for=\"wpforms-4-field_5_3\">Flyttst\u00e4dning<\/label><\/li><li class=\"choice-4 depth-1\"><input type=\"radio\" id=\"wpforms-4-field_5_4\" name=\"wpforms[fields][5]\" value=\"Other Services\" required><label class=\"wpforms-field-label-inline\" for=\"wpforms-4-field_5_4\">\u00d6vriga tj\u00e4nster<\/label><\/li><\/ul><\/div><div id=\"wpforms-4-field_4-container\" class=\"wpforms-field wpforms-field-textarea\" data-field-id=\"4\"><label class=\"wpforms-field-label wpforms-label-hide\" for=\"wpforms-4-field_4\">Adress<\/label><textarea id=\"wpforms-4-field_4\" class=\"wpforms-field-medium\" name=\"wpforms[fields][4]\" placeholder=\"Adress\" ><\/textarea><\/div><div id=\"wpforms-4-field_2-container\" class=\"wpforms-field wpforms-field-textarea\" data-field-id=\"2\"><label class=\"wpforms-field-label wpforms-label-hide\" for=\"wpforms-4-field_2\">Meddelande <span class=\"wpforms-required-label\">*<\/span><\/label><textarea id=\"wpforms-4-field_2\" class=\"wpforms-field-medium wpforms-field-required\" name=\"wpforms[fields][2]\" placeholder=\"Meddelande\" required><\/textarea><\/div><\/div><!-- .wpforms-field-container --><div class=\"wpforms-field wpforms-field-hp\"><label for=\"wpforms-4-field-hp\" class=\"wpforms-field-label\">E-post<\/label><input type=\"text\" name=\"wpforms[hp]\" id=\"wpforms-4-field-hp\" class=\"wpforms-field-medium\"><\/div><div class=\"wpforms-submit-container\" ><input type=\"hidden\" name=\"wpforms[id]\" value=\"4\"><input type=\"hidden\" name=\"page_title\" value=\"\"><input type=\"hidden\" name=\"page_url\" value=\"https:\/\/shynova.se\/sv\/wp-json\/wp\/v2\/pages\/24\"><input type=\"hidden\" name=\"url_referer\" value=\"\"><button type=\"submit\" name=\"wpforms[submit]\" id=\"wpforms-submit-4\" class=\"wpforms-submit\" data-alt-text=\"Sending...\" data-submit-text=\"Submit\" aria-live=\"assertive\" value=\"wpforms-submit\">Skicka in<\/button><\/div><input type=\"hidden\" name=\"trp-form-language\" value=\"sv\"\/><\/form><\/div>  <!-- .wpforms-container -->\t\t\t\t<\/div>\n\t\t\t\t<\/div>\n\t\t\t\t<\/div>\n\t\t<div class=\"elementor-element elementor-element-c9685da e-con-full e-flex e-con e-child\" data-id=\"c9685da\" data-element_type=\"container\">\n\t\t\t\t<div class=\"elementor-element elementor-element-3312a07 elementor-view-default elementor-position-top elementor-mobile-position-top elementor-widget elementor-widget-icon-box\" data-id=\"3312a07\" data-element_type=\"widget\" data-widget_type=\"icon-box.default\">\n\t\t\t\t<div class=\"elementor-widget-container\">\n\t\t\t\t\t\t\t<div class=\"elementor-icon-box-wrapper\">\n\n\t\t\t\t\t\t<div class=\"elementor-icon-box-icon\">\n\t\t\t\t<span  class=\"elementor-icon\">\n\t\t\t\t<i aria-hidden=\"true\" class=\"far fa-clock\"><\/i>\t\t\t\t<\/span>\n\t\t\t<\/div>\n\t\t\t\n\t\t\t\t\t\t<div class=\"elementor-icon-box-content\">\n\n\t\t\t\t\t\t\t\t\t<h5 class=\"elementor-icon-box-title\">\n\t\t\t\t\t\t<span  >\n\t\t\t\t\t\t\tSparar din tid\t\t\t\t\t\t<\/span>\n\t\t\t\t\t<\/h5>\n\t\t\t\t\n\t\t\t\t\t\t\t\t\t<p class=\"elementor-icon-box-description\">\n\t\t\t\t\t\tVi st\u00e4dar, du slappnar av. Njut av mer fritid med v\u00e5r professionella st\u00e4dservice.\t\t\t\t\t<\/p>\n\t\t\t\t\n\t\t\t<\/div>\n\t\t\t\n\t\t<\/div>\n\t\t\t\t\t\t<\/div>\n\t\t\t\t<\/div>\n\t\t\t\t<div class=\"elementor-element elementor-element-95af73b elementor-view-default elementor-position-top elementor-mobile-position-top elementor-widget elementor-widget-icon-box\" data-id=\"95af73b\" data-element_type=\"widget\" data-widget_type=\"icon-box.default\">\n\t\t\t\t<div class=\"elementor-widget-container\">\n\t\t\t\t\t\t\t<div class=\"elementor-icon-box-wrapper\">\n\n\t\t\t\t\t\t<div class=\"elementor-icon-box-icon\">\n\t\t\t\t<span  class=\"elementor-icon\">\n\t\t\t\t<i aria-hidden=\"true\" class=\"fab fa-cc-visa\"><\/i>\t\t\t\t<\/span>\n\t\t\t<\/div>\n\t\t\t\n\t\t\t\t\t\t<div class=\"elementor-icon-box-content\">\n\n\t\t\t\t\t\t\t\t\t<h5 class=\"elementor-icon-box-title\">\n\t\t\t\t\t\t<span  >\n\t\t\t\t\t\t\tCashlese Betalning\t\t\t\t\t\t<\/span>\n\t\t\t\t\t<\/h5>\n\t\t\t\t\n\t\t\t\t\t\t\t\t\t<p class=\"elementor-icon-box-description\">\n\t\t\t\t\t\tBekv\u00e4mt, s\u00e4kert och 100% kontantfritt - bara boka, koppla av och betala online.\t\t\t\t\t<\/p>\n\t\t\t\t\n\t\t\t<\/div>\n\t\t\t\n\t\t<\/div>\n\t\t\t\t\t\t<\/div>\n\t\t\t\t<\/div>\n\t\t\t\t<div class=\"elementor-element elementor-element-3b0caf2 elementor-view-default elementor-position-top elementor-mobile-position-top elementor-widget elementor-widget-icon-box\" data-id=\"3b0caf2\" data-element_type=\"widget\" data-widget_type=\"icon-box.default\">\n\t\t\t\t<div class=\"elementor-widget-container\">\n\t\t\t\t\t\t\t<div class=\"elementor-icon-box-wrapper\">\n\n\t\t\t\t\t\t<div class=\"elementor-icon-box-icon\">\n\t\t\t\t<span  class=\"elementor-icon\">\n\t\t\t\t<i aria-hidden=\"true\" class=\"fas fa-comments\"><\/i>\t\t\t\t<\/span>\n\t\t\t<\/div>\n\t\t\t\n\t\t\t\t\t\t<div class=\"elementor-icon-box-content\">\n\n\t\t\t\t\t\t\t\t\t<h5 class=\"elementor-icon-box-title\">\n\t\t\t\t\t\t<span  >\n\t\t\t\t\t\t\tSnabb och v\u00e4nlig support\t\t\t\t\t\t<\/span>\n\t\t\t\t\t<\/h5>\n\t\t\t\t\n\t\t\t\t\t\t\t\t\t<p class=\"elementor-icon-box-description\">\n\t\t\t\t\t\tS\u00f6ml\u00f6s kommunikation\t\t\t\t\t<\/p>\n\t\t\t\t\n\t\t\t<\/div>\n\t\t\t\n\t\t<\/div>\n\t\t\t\t\t\t<\/div>\n\t\t\t\t<\/div>\n\t\t\t\t<\/div>\n\t\t\t\t\t<\/div>\n\t\t\t\t<\/div>\n\t\t<div class=\"elementor-element elementor-element-d5a2899 e-flex e-con-boxed e-con e-parent\" data-id=\"d5a2899\" data-element_type=\"container\" data-settings=\"{&quot;background_background&quot;:&quot;classic&quot;}\">\n\t\t\t\t\t<div class=\"e-con-inner\">\n\t\t<div class=\"elementor-element elementor-element-af078c6 e-con-full e-flex e-con e-child\" data-id=\"af078c6\" data-element_type=\"container\">\n\t\t\t\t<div class=\"elementor-element elementor-element-ba18378 elementor-widget elementor-widget-heading\" data-id=\"ba18378\" data-element_type=\"widget\" data-widget_type=\"heading.default\">\n\t\t\t\t<div class=\"elementor-widget-container\">\n\t\t\t\t\t<h2 class=\"elementor-heading-title elementor-size-default\">Ring oss! Vi \u00e4r Dust Busters!<\/h2>\t\t\t\t<\/div>\n\t\t\t\t<\/div>\n\t\t\t\t<div class=\"elementor-element elementor-element-838fe72 elementor-align-center elementor-tablet-align-center elementor-mobile-align-center elementor-widget elementor-widget-button\" data-id=\"838fe72\" data-element_type=\"widget\" data-widget_type=\"button.default\">\n\t\t\t\t<div class=\"elementor-widget-container\">\n\t\t\t\t\t\t\t\t\t<div class=\"elementor-button-wrapper\">\n\t\t\t\t\t<a class=\"elementor-button elementor-button-link elementor-size-sm elementor-animation-float\" href=\"#\">\n\t\t\t\t\t\t<span class=\"elementor-button-content-wrapper\">\n\t\t\t\t\t\t\t\t\t<span class=\"elementor-button-text\">Ring 076 7414075<\/span>\n\t\t\t\t\t<\/span>\n\t\t\t\t\t<\/a>\n\t\t\t\t<\/div>\n\t\t\t\t\t\t\t\t<\/div>\n\t\t\t\t<\/div>\n\t\t<div class=\"elementor-element elementor-element-370df81 e-con-full e-flex e-con e-child\" data-id=\"370df81\" data-element_type=\"container\">\n\t\t<div class=\"elementor-element elementor-element-08c3877 e-con-full e-flex e-con e-child\" data-id=\"08c3877\" data-element_type=\"container\">\n\t\t\t\t<div class=\"elementor-element elementor-element-31fa861 elementor-vertical-align-top elementor-widget elementor-widget-image-box\" data-id=\"31fa861\" data-element_type=\"widget\" data-widget_type=\"image-box.default\">\n\t\t\t\t<div class=\"elementor-widget-container\">\n\t\t\t\t\t<div class=\"elementor-image-box-wrapper\"><div class=\"elementor-image-box-content\"><h5 class=\"elementor-image-box-title\">Adress<\/h5><p class=\"elementor-image-box-description\">Norra Stationsgatan 99, 1209, Stockholm<\/p><\/div><\/div>\t\t\t\t<\/div>\n\t\t\t\t<\/div>\n\t\t\t\t<\/div>\n\t\t<div class=\"elementor-element elementor-element-6de4d4a e-con-full e-flex e-con e-child\" data-id=\"6de4d4a\" data-element_type=\"container\">\n\t\t\t\t<div class=\"elementor-element elementor-element-9457a19 elementor-vertical-align-top elementor-widget elementor-widget-image-box\" data-id=\"9457a19\" data-element_type=\"widget\" data-widget_type=\"image-box.default\">\n\t\t\t\t<div class=\"elementor-widget-container\">\n\t\t\t\t\t<div class=\"elementor-image-box-wrapper\"><div class=\"elementor-image-box-content\"><h5 class=\"elementor-image-box-title\">Maila oss<\/h5><p class=\"elementor-image-box-description\">info@shynova.se<\/p><\/div><\/div>\t\t\t\t<\/div>\n\t\t\t\t<\/div>\n\t\t\t\t<\/div>\n\t\t\t\t<\/div>\n\t\t\t\t<\/div>\n\t\t\t\t\t<\/div>\n\t\t\t\t<\/div>\n\t\t\t\t<\/div>","protected":false},"excerpt":{"rendered":"<p>Contact Us &amp; Enjoy Your Time Off Please enable JavaScript in your browser to complete this form.Name *EmailNumbersMultiple Choice * Regular Cleaning Deep Cleaning Moving Cleaning Other Services AddressMessage *Name Submit Saves Your Time We clean, you relax. Enjoy more free time with our professional cleaning service. Cashlese Payment Convenient, secure, and 100% cashless \u2014 [&hellip;]<\/p>","protected":false},"author":1,"featured_media":0,"parent":0,"menu_order":0,"comment_status":"closed","ping_status":"closed","template":"","meta":{"om_disable_all_campaigns":false,"_monsterinsights_skip_tracking":false,"_monsterinsights_sitenote_active":false,"_monsterinsights_sitenote_note":"","_monsterinsights_sitenote_category":0,"site-sidebar-layout":"no-sidebar","site-content-layout":"page-builder","ast-site-content-layout":"default","site-content-style":"default","site-sidebar-style":"default","ast-global-header-display":"","ast-banner-title-visibility":"","ast-main-header-display":"","ast-hfb-above-header-display":"","ast-hfb-below-header-display":"","ast-hfb-mobile-header-display":"","site-post-title":"disabled","ast-breadcrumbs-content":"","ast-featured-img":"disabled","footer-sml-layout":"","theme-transparent-header-meta":"default","adv-header-id-meta":"","stick-header-meta":"","header-above-stick-meta":"","header-main-stick-meta":"","header-below-stick-meta":"","astra-migrate-meta-layouts":"default","ast-page-background-enabled":"default","ast-page-background-meta":{"desktop":{"background-color":"","background-image":"","background-repeat":"repeat","background-position":"center center","background-size":"auto","background-attachment":"scroll","background-type":"","background-media":"","overlay-type":"","overlay-color":"","overlay-opacity":"","overlay-gradient":""},"tablet":{"background-color":"","background-image":"","background-repeat":"repeat","background-position":"center center","background-size":"auto","background-attachment":"scroll","background-type":"","background-media":"","overlay-type":"","overlay-color":"","overlay-opacity":"","overlay-gradient":""},"mobile":{"background-color":"","background-image":"","background-repeat":"repeat","background-position":"center center","background-size":"auto","background-attachment":"scroll","background-type":"","background-media":"","overlay-type":"","overlay-color":"","overlay-opacity":"","overlay-gradient":""}},"ast-content-background-meta":{"desktop":{"background-color":"var(--ast-global-color-5)","background-image":"","background-repeat":"repeat","background-position":"center center","background-size":"auto","background-attachment":"scroll","background-type":"","background-media":"","overlay-type":"","overlay-color":"","overlay-opacity":"","overlay-gradient":""},"tablet":{"background-color":"var(--ast-global-color-5)","background-image":"","background-repeat":"repeat","background-position":"center center","background-size":"auto","background-attachment":"scroll","background-type":"","background-media":"","overlay-type":"","overlay-color":"","overlay-opacity":"","overlay-gradient":""},"mobile":{"background-color":"var(--ast-global-color-5)","background-image":"","background-repeat":"repeat","background-position":"center center","background-size":"auto","background-attachment":"scroll","background-type":"","background-media":"","overlay-type":"","overlay-color":"","overlay-opacity":"","overlay-gradient":""}},"footnotes":""},"class_list":["post-24","page","type-page","status-publish","hentry"],"aioseo_notices":[],"yoast_head":"<!-- This site is optimized with the Yoast SEO plugin v26.3 - https:\/\/yoast.com\/wordpress\/plugins\/seo\/ -->\n<title>Contact - shynova.se<\/title>\n<meta name=\"robots\" content=\"index, follow, max-snippet:-1, max-image-preview:large, max-video-preview:-1\" \/>\n<link rel=\"canonical\" href=\"https:\/\/shynova.se\/sv\/contact\/\" \/>\n<meta property=\"og:locale\" content=\"sv_SE\" \/>\n<meta property=\"og:type\" content=\"article\" \/>\n<meta property=\"og:title\" content=\"Contact - shynova.se\" \/>\n<meta property=\"og:description\" content=\"Contact Us &amp; Enjoy Your Time Off Please enable JavaScript in your browser to complete this form.Name *EmailNumbersMultiple Choice * Regular Cleaning Deep Cleaning Moving Cleaning Other Services AddressMessage *Name Submit Saves Your Time We clean, you relax. Enjoy more free time with our professional cleaning service. Cashlese Payment Convenient, secure, and 100% cashless \u2014 [&hellip;]\" \/>\n<meta property=\"og:url\" content=\"https:\/\/shynova.se\/sv\/contact\/\" \/>\n<meta property=\"og:site_name\" content=\"shynova.se\" \/>\n<meta property=\"article:modified_time\" content=\"2025-10-29T22:43:30+00:00\" \/>\n<meta name=\"twitter:card\" content=\"summary_large_image\" \/>\n<meta name=\"twitter:label1\" content=\"Ber\u00e4knad l\u00e4stid\" \/>\n\t<meta name=\"twitter:data1\" content=\"1 minut\" \/>\n<script type=\"application\/ld+json\" class=\"yoast-schema-graph\">{\"@context\":\"https:\/\/schema.org\",\"@graph\":[{\"@type\":\"WebPage\",\"@id\":\"https:\/\/shynova.se\/sv\/contact\/\",\"url\":\"https:\/\/shynova.se\/sv\/contact\/\",\"name\":\"Contact - shynova.se\",\"isPartOf\":{\"@id\":\"https:\/\/shynova.se\/sv\/#website\"},\"datePublished\":\"2025-10-23T08:43:32+00:00\",\"dateModified\":\"2025-10-29T22:43:30+00:00\",\"breadcrumb\":{\"@id\":\"https:\/\/shynova.se\/sv\/contact\/#breadcrumb\"},\"inLanguage\":\"sv-SE\",\"potentialAction\":[{\"@type\":\"ReadAction\",\"target\":[\"https:\/\/shynova.se\/sv\/contact\/\"]}]},{\"@type\":\"BreadcrumbList\",\"@id\":\"https:\/\/shynova.se\/sv\/contact\/#breadcrumb\",\"itemListElement\":[{\"@type\":\"ListItem\",\"position\":1,\"name\":\"Home\",\"item\":\"https:\/\/shynova.se\/\"},{\"@type\":\"ListItem\",\"position\":2,\"name\":\"Contact\"}]},{\"@type\":\"WebSite\",\"@id\":\"https:\/\/shynova.se\/sv\/#website\",\"url\":\"https:\/\/shynova.se\/sv\/\",\"name\":\"shynova.se\",\"description\":\"\",\"publisher\":{\"@id\":\"https:\/\/shynova.se\/sv\/#organization\"},\"potentialAction\":[{\"@type\":\"SearchAction\",\"target\":{\"@type\":\"EntryPoint\",\"urlTemplate\":\"https:\/\/shynova.se\/sv\/?s={search_term_string}\"},\"query-input\":{\"@type\":\"PropertyValueSpecification\",\"valueRequired\":true,\"valueName\":\"search_term_string\"}}],\"inLanguage\":\"sv-SE\"},{\"@type\":\"Organization\",\"@id\":\"https:\/\/shynova.se\/sv\/#organization\",\"name\":\"shynova.se\",\"url\":\"https:\/\/shynova.se\/sv\/\",\"logo\":{\"@type\":\"ImageObject\",\"inLanguage\":\"sv-SE\",\"@id\":\"https:\/\/shynova.se\/sv\/#\/schema\/logo\/image\/\",\"url\":\"https:\/\/shynova.se\/wp-content\/uploads\/2025\/11\/cropped-Shynova.png\",\"contentUrl\":\"https:\/\/shynova.se\/wp-content\/uploads\/2025\/11\/cropped-Shynova.png\",\"width\":311,\"height\":272,\"caption\":\"shynova.se\"},\"image\":{\"@id\":\"https:\/\/shynova.se\/sv\/#\/schema\/logo\/image\/\"}}]}<\/script>\n<!-- \/ Yoast SEO plugin. -->","yoast_head_json":{"title":"Contact - shynova.se","robots":{"index":"index","follow":"follow","max-snippet":"max-snippet:-1","max-image-preview":"max-image-preview:large","max-video-preview":"max-video-preview:-1"},"canonical":"https:\/\/shynova.se\/sv\/contact\/","og_locale":"sv_SE","og_type":"article","og_title":"Contact - shynova.se","og_description":"Contact Us &amp; Enjoy Your Time Off Please enable JavaScript in your browser to complete this form.Name *EmailNumbersMultiple Choice * Regular Cleaning Deep Cleaning Moving Cleaning Other Services AddressMessage *Name Submit Saves Your Time We clean, you relax. Enjoy more free time with our professional cleaning service. Cashlese Payment Convenient, secure, and 100% cashless \u2014 [&hellip;]","og_url":"https:\/\/shynova.se\/sv\/contact\/","og_site_name":"shynova.se","article_modified_time":"2025-10-29T22:43:30+00:00","twitter_card":"summary_large_image","twitter_misc":{"Ber\u00e4knad l\u00e4stid":"1 minut"},"schema":{"@context":"https:\/\/schema.org","@graph":[{"@type":"WebPage","@id":"https:\/\/shynova.se\/sv\/contact\/","url":"https:\/\/shynova.se\/sv\/contact\/","name":"Contact - shynova.se","isPartOf":{"@id":"https:\/\/shynova.se\/sv\/#website"},"datePublished":"2025-10-23T08:43:32+00:00","dateModified":"2025-10-29T22:43:30+00:00","breadcrumb":{"@id":"https:\/\/shynova.se\/sv\/contact\/#breadcrumb"},"inLanguage":"sv-SE","potentialAction":[{"@type":"ReadAction","target":["https:\/\/shynova.se\/sv\/contact\/"]}]},{"@type":"BreadcrumbList","@id":"https:\/\/shynova.se\/sv\/contact\/#breadcrumb","itemListElement":[{"@type":"ListItem","position":1,"name":"Home","item":"https:\/\/shynova.se\/"},{"@type":"ListItem","position":2,"name":"Contact"}]},{"@type":"WebSite","@id":"https:\/\/shynova.se\/sv\/#website","url":"https:\/\/shynova.se\/sv\/","name":"shynova.se","description":"","publisher":{"@id":"https:\/\/shynova.se\/sv\/#organization"},"potentialAction":[{"@type":"SearchAction","target":{"@type":"EntryPoint","urlTemplate":"https:\/\/shynova.se\/sv\/?s={search_term_string}"},"query-input":{"@type":"PropertyValueSpecification","valueRequired":true,"valueName":"search_term_string"}}],"inLanguage":"sv-SE"},{"@type":"Organization","@id":"https:\/\/shynova.se\/sv\/#organization","name":"shynova.se","url":"https:\/\/shynova.se\/sv\/","logo":{"@type":"ImageObject","inLanguage":"sv-SE","@id":"https:\/\/shynova.se\/sv\/#\/schema\/logo\/image\/","url":"https:\/\/shynova.se\/wp-content\/uploads\/2025\/11\/cropped-Shynova.png","contentUrl":"https:\/\/shynova.se\/wp-content\/uploads\/2025\/11\/cropped-Shynova.png","width":311,"height":272,"caption":"shynova.se"},"image":{"@id":"https:\/\/shynova.se\/sv\/#\/schema\/logo\/image\/"}}]}},"_links":{"self":[{"href":"https:\/\/shynova.se\/sv\/wp-json\/wp\/v2\/pages\/24","targetHints":{"allow":["GET"]}}],"collection":[{"href":"https:\/\/shynova.se\/sv\/wp-json\/wp\/v2\/pages"}],"about":[{"href":"https:\/\/shynova.se\/sv\/wp-json\/wp\/v2\/types\/page"}],"author":[{"embeddable":true,"href":"https:\/\/shynova.se\/sv\/wp-json\/wp\/v2\/users\/1"}],"replies":[{"embeddable":true,"href":"https:\/\/shynova.se\/sv\/wp-json\/wp\/v2\/comments?post=24"}],"version-history":[{"count":9,"href":"https:\/\/shynova.se\/sv\/wp-json\/wp\/v2\/pages\/24\/revisions"}],"predecessor-version":[{"id":25718,"href":"https:\/\/shynova.se\/sv\/wp-json\/wp\/v2\/pages\/24\/revisions\/25718"}],"wp:attachment":[{"href":"https:\/\/shynova.se\/sv\/wp-json\/wp\/v2\/media?parent=24"}],"curies":[{"name":"wp","href":"https:\/\/api.w.org\/{rel}","templated":true}]}}