{"id":21,"date":"2025-10-23T08:43:32","date_gmt":"2025-10-23T08:43:32","guid":{"rendered":"https:\/\/lightyellow-owl-686379.hostingersite.com\/about\/"},"modified":"2025-10-29T23:04:34","modified_gmt":"2025-10-29T23:04:34","slug":"about","status":"publish","type":"page","link":"https:\/\/shynova.se\/sv\/about\/","title":{"rendered":"Om"},"content":{"rendered":"<div data-elementor-type=\"wp-post\" data-elementor-id=\"21\" class=\"elementor elementor-21\">\n\t\t\t\t<div class=\"elementor-element elementor-element-f58fc34 e-flex e-con-boxed e-con e-parent\" data-id=\"f58fc34\" data-element_type=\"container\" data-settings=\"{&quot;background_background&quot;:&quot;classic&quot;}\">\n\t\t\t\t\t<div class=\"e-con-inner\">\n\t\t<div class=\"elementor-element elementor-element-b3b6382 e-con-full e-flex e-con e-child\" data-id=\"b3b6382\" data-element_type=\"container\">\n\t\t\t\t<div class=\"elementor-element elementor-element-55523c2 elementor-widget elementor-widget-heading\" data-id=\"55523c2\" data-element_type=\"widget\" data-widget_type=\"heading.default\">\n\t\t\t\t<div class=\"elementor-widget-container\">\n\t\t\t\t\t<h1 class=\"elementor-heading-title elementor-size-default\">Om Shynova<\/h1>\t\t\t\t<\/div>\n\t\t\t\t<\/div>\n\t\t\t\t<\/div>\n\t\t\t\t\t<\/div>\n\t\t\t\t<\/div>\n\t\t<div class=\"elementor-element elementor-element-dd8a8e2 e-flex e-con-boxed e-con e-parent\" data-id=\"dd8a8e2\" data-element_type=\"container\" data-settings=\"{&quot;background_background&quot;:&quot;classic&quot;}\">\n\t\t\t\t\t<div class=\"e-con-inner\">\n\t\t<div class=\"elementor-element elementor-element-f190299 e-con-full e-flex e-con e-child\" data-id=\"f190299\" data-element_type=\"container\">\n\t\t\t\t<div class=\"elementor-element elementor-element-8fcd1e5 elementor-widget__width-initial elementor-widget elementor-widget-image\" data-id=\"8fcd1e5\" data-element_type=\"widget\" data-widget_type=\"image.default\">\n\t\t\t\t<div class=\"elementor-widget-container\">\n\t\t\t\t\t\t\t\t\t\t\t\t\t\t\t<img fetchpriority=\"high\" decoding=\"async\" width=\"540\" height=\"360\" src=\"https:\/\/shynova.se\/wp-content\/uploads\/2025\/10\/360_F_700282967_PPjJJTKX7xdVOlHCeNnrDPaA4EnDnPMq.jpg\" class=\"attachment-full size-full wp-image-25665\" alt=\"\" srcset=\"https:\/\/shynova.se\/wp-content\/uploads\/2025\/10\/360_F_700282967_PPjJJTKX7xdVOlHCeNnrDPaA4EnDnPMq.jpg 540w, https:\/\/shynova.se\/wp-content\/uploads\/2025\/10\/360_F_700282967_PPjJJTKX7xdVOlHCeNnrDPaA4EnDnPMq-300x200.jpg 300w\" sizes=\"(max-width: 540px) 100vw, 540px\" \/>\t\t\t\t\t\t\t\t\t\t\t\t\t\t\t<\/div>\n\t\t\t\t<\/div>\n\t\t\t\t<\/div>\n\t\t<div class=\"elementor-element elementor-element-84621e7 e-con-full e-flex e-con e-child\" data-id=\"84621e7\" data-element_type=\"container\">\n\t\t\t\t<div class=\"elementor-element elementor-element-719c27b elementor-widget elementor-widget-image-box\" data-id=\"719c27b\" data-element_type=\"widget\" data-widget_type=\"image-box.default\">\n\t\t\t\t<div class=\"elementor-widget-container\">\n\t\t\t\t\t<div class=\"elementor-image-box-wrapper\"><div class=\"elementor-image-box-content\"><h2 class=\"elementor-image-box-title\">Vi g\u00f6r ditt hem skinande rent<\/h2><p class=\"elementor-image-box-description\">P\u00e5 Shynova tror vi att ett rent och organiserat hem skapar utrymme f\u00f6r ett gladare och mer stressfritt liv. Grundat i Stockholm \u00e4r v\u00e5rt uppdrag enkelt \u2013 att g\u00f6ra din vardag l\u00e4ttare genom att erbjuda professionella och p\u00e5litliga tj\u00e4nster som du kan lita p\u00e5.\nVi f\u00f6rst\u00e5r hur hektiskt livet kan vara. Mellan arbete, familj och personliga \u00e5taganden kan det k\u00e4nnas \u00f6verv\u00e4ldigande att h\u00e5lla hemmet skinande rent eller hinna med vardagliga \u00e4renden. D\u00e4rf\u00f6r finns Shynova \u2013 f\u00f6r att ge dig mer tid till det som verkligen betyder n\u00e5got.<br><br>\n\nInformation om f\u00f6retaget:\n  <br>Org. Nr: 969803- 4635\n<br>   H\u00e5ller F-skatt   \n<br>    Momsregistreringsnr. Nr SE969803463501\n\n<\/p><\/div><\/div>\t\t\t\t<\/div>\n\t\t\t\t<\/div>\n\t\t\t\t<\/div>\n\t\t\t\t\t<\/div>\n\t\t\t\t<\/div>\n\t\t<div class=\"elementor-element elementor-element-ef4208c e-flex e-con-boxed e-con e-parent\" data-id=\"ef4208c\" data-element_type=\"container\" data-settings=\"{&quot;background_background&quot;:&quot;classic&quot;}\">\n\t\t\t\t\t<div class=\"e-con-inner\">\n\t\t<div class=\"elementor-element elementor-element-df80c04 e-flex e-con-boxed e-con e-child\" data-id=\"df80c04\" data-element_type=\"container\">\n\t\t\t\t\t<div class=\"e-con-inner\">\n\t\t\t\t<div class=\"elementor-element elementor-element-5a0184d elementor-widget elementor-widget-heading\" data-id=\"5a0184d\" data-element_type=\"widget\" data-widget_type=\"heading.default\">\n\t\t\t\t<div class=\"elementor-widget-container\">\n\t\t\t\t\t<h2 class=\"elementor-heading-title elementor-size-default\">Vi lovar dig<\/h2>\t\t\t\t<\/div>\n\t\t\t\t<\/div>\n\t\t<div class=\"elementor-element elementor-element-c6b4da8 e-flex e-con-boxed e-con e-child\" data-id=\"c6b4da8\" data-element_type=\"container\">\n\t\t\t\t\t<div class=\"e-con-inner\">\n\t\t<div class=\"elementor-element elementor-element-51730d9 e-con-full e-flex e-con e-child\" data-id=\"51730d9\" data-element_type=\"container\">\n\t\t\t\t<div class=\"elementor-element elementor-element-c03146a elementor-widget-tablet__width-inherit elementor-position-top elementor-widget elementor-widget-image-box\" data-id=\"c03146a\" data-element_type=\"widget\" data-widget_type=\"image-box.default\">\n\t\t\t\t<div class=\"elementor-widget-container\">\n\t\t\t\t\t<div class=\"elementor-image-box-wrapper\"><figure class=\"elementor-image-box-img\"><img decoding=\"async\" width=\"1\" height=\"1\" src=\"https:\/\/shynova.se\/wp-content\/uploads\/2021\/03\/commercial-clean.svg\" class=\"attachment-thumbnail size-thumbnail wp-image-1438\" alt=\"commercial clean\" \/><\/figure><div class=\"elementor-image-box-content\"><h6 class=\"elementor-image-box-title\">Garanti f\u00f6r professionell kvalitet<\/h6><\/div><\/div>\t\t\t\t<\/div>\n\t\t\t\t<\/div>\n\t\t\t\t<\/div>\n\t\t<div class=\"elementor-element elementor-element-77e505c e-con-full e-flex e-con e-child\" data-id=\"77e505c\" data-element_type=\"container\">\n\t\t\t\t<div class=\"elementor-element elementor-element-1da0815 elementor-widget-tablet__width-inherit elementor-position-top elementor-widget elementor-widget-image-box\" data-id=\"1da0815\" data-element_type=\"widget\" data-widget_type=\"image-box.default\">\n\t\t\t\t<div class=\"elementor-widget-container\">\n\t\t\t\t\t<div class=\"elementor-image-box-wrapper\"><figure class=\"elementor-image-box-img\"><img decoding=\"async\" width=\"1\" height=\"1\" src=\"https:\/\/shynova.se\/wp-content\/uploads\/2021\/03\/customize-clean.svg\" class=\"attachment-thumbnail size-thumbnail wp-image-1450\" alt=\"customize clean\" \/><\/figure><div class=\"elementor-image-box-content\"><h6 class=\"elementor-image-box-title\">Enkla och prisv\u00e4rda betalningar<\/h6><\/div><\/div>\t\t\t\t<\/div>\n\t\t\t\t<\/div>\n\t\t\t\t<\/div>\n\t\t<div class=\"elementor-element elementor-element-f736113 e-con-full e-flex e-con e-child\" data-id=\"f736113\" data-element_type=\"container\">\n\t\t\t\t<div class=\"elementor-element elementor-element-c0e8d85 elementor-widget-tablet__width-inherit elementor-position-top elementor-widget elementor-widget-image-box\" data-id=\"c0e8d85\" data-element_type=\"widget\" data-widget_type=\"image-box.default\">\n\t\t\t\t<div class=\"elementor-widget-container\">\n\t\t\t\t\t<div class=\"elementor-image-box-wrapper\"><figure class=\"elementor-image-box-img\"><img decoding=\"async\" width=\"1\" height=\"1\" src=\"https:\/\/shynova.se\/wp-content\/uploads\/2021\/03\/commercial-clean.svg\" class=\"attachment-thumbnail size-thumbnail wp-image-1438\" alt=\"commercial clean\" \/><\/figure><div class=\"elementor-image-box-content\"><h6 class=\"elementor-image-box-title\">B\u00e4sta produktgaranti<\/h6><\/div><\/div>\t\t\t\t<\/div>\n\t\t\t\t<\/div>\n\t\t\t\t<\/div>\n\t\t\t\t\t<\/div>\n\t\t\t\t<\/div>\n\t\t\t\t\t<\/div>\n\t\t\t\t<\/div>\n\t\t\t\t\t<\/div>\n\t\t\t\t<\/div>\n\t\t<div class=\"elementor-element elementor-element-4671824 e-flex e-con-boxed e-con e-parent\" data-id=\"4671824\" data-element_type=\"container\" data-settings=\"{&quot;background_background&quot;:&quot;classic&quot;}\">\n\t\t\t\t\t<div class=\"e-con-inner\">\n\t\t\t\t\t<\/div>\n\t\t\t\t<\/div>\n\t\t<div class=\"elementor-element elementor-element-608ece4 e-flex e-con-boxed e-con e-parent\" data-id=\"608ece4\" data-element_type=\"container\" data-settings=\"{&quot;background_background&quot;:&quot;classic&quot;}\">\n\t\t\t\t\t<div class=\"e-con-inner\">\n\t\t<div class=\"elementor-element elementor-element-c9125b6 e-con-full e-flex e-con e-child\" data-id=\"c9125b6\" data-element_type=\"container\">\n\t\t\t\t<div class=\"elementor-element elementor-element-cafb54c elementor-widget elementor-widget-heading\" data-id=\"cafb54c\" data-element_type=\"widget\" data-widget_type=\"heading.default\">\n\t\t\t\t<div class=\"elementor-widget-container\">\n\t\t\t\t\t<h2 class=\"elementor-heading-title elementor-size-default\">V\u00e5ra st\u00e4dexperter<\/h2>\t\t\t\t<\/div>\n\t\t\t\t<\/div>\n\t\t\t\t<div class=\"elementor-element elementor-element-89b885f elementor-icon-list--layout-traditional elementor-list-item-link-full_width elementor-widget elementor-widget-icon-list\" data-id=\"89b885f\" data-element_type=\"widget\" data-widget_type=\"icon-list.default\">\n\t\t\t\t<div class=\"elementor-widget-container\">\n\t\t\t\t\t\t\t<ul class=\"elementor-icon-list-items\">\n\t\t\t\t\t\t\t<li class=\"elementor-icon-list-item\">\n\t\t\t\t\t\t\t\t\t\t\t<span class=\"elementor-icon-list-icon\">\n\t\t\t\t\t\t\t<i aria-hidden=\"true\" class=\"far fa-check-square\"><\/i>\t\t\t\t\t\t<\/span>\n\t\t\t\t\t\t\t\t\t\t<span class=\"elementor-icon-list-text\">Erfarna och professionella<\/span>\n\t\t\t\t\t\t\t\t\t<\/li>\n\t\t\t\t\t\t\t\t<li class=\"elementor-icon-list-item\">\n\t\t\t\t\t\t\t\t\t\t\t<span class=\"elementor-icon-list-icon\">\n\t\t\t\t\t\t\t<i aria-hidden=\"true\" class=\"far fa-check-square\"><\/i>\t\t\t\t\t\t<\/span>\n\t\t\t\t\t\t\t\t\t\t<span class=\"elementor-icon-list-text\">Referens kontrollerad<\/span>\n\t\t\t\t\t\t\t\t\t<\/li>\n\t\t\t\t\t\t\t\t<li class=\"elementor-icon-list-item\">\n\t\t\t\t\t\t\t\t\t\t\t<span class=\"elementor-icon-list-icon\">\n\t\t\t\t\t\t\t<i aria-hidden=\"true\" class=\"far fa-check-square\"><\/i>\t\t\t\t\t\t<\/span>\n\t\t\t\t\t\t\t\t\t\t<span class=\"elementor-icon-list-text\">Intervjuades personligen<\/span>\n\t\t\t\t\t\t\t\t\t<\/li>\n\t\t\t\t\t\t\t\t<li class=\"elementor-icon-list-item\">\n\t\t\t\t\t\t\t\t\t\t\t<span class=\"elementor-icon-list-icon\">\n\t\t\t\t\t\t\t<i aria-hidden=\"true\" class=\"far fa-check-square\"><\/i>\t\t\t\t\t\t<\/span>\n\t\t\t\t\t\t\t\t\t\t<span class=\"elementor-icon-list-text\">\u00c4rliga och p\u00e5litliga<\/span>\n\t\t\t\t\t\t\t\t\t<\/li>\n\t\t\t\t\t\t\t\t<li class=\"elementor-icon-list-item\">\n\t\t\t\t\t\t\t\t\t\t\t<span class=\"elementor-icon-list-icon\">\n\t\t\t\t\t\t\t<i aria-hidden=\"true\" class=\"far fa-check-square\"><\/i>\t\t\t\t\t\t<\/span>\n\t\t\t\t\t\t\t\t\t\t<span class=\"elementor-icon-list-text\">F\u00f6rs\u00e4krade och betrodda<\/span>\n\t\t\t\t\t\t\t\t\t<\/li>\n\t\t\t\t\t\t<\/ul>\n\t\t\t\t\t\t<\/div>\n\t\t\t\t<\/div>\n\t\t\t\t<\/div>\n\t\t<div class=\"elementor-element elementor-element-1b7068b e-con-full e-flex e-con e-child\" data-id=\"1b7068b\" data-element_type=\"container\">\n\t\t\t\t<div class=\"elementor-element elementor-element-ab153b7 elementor-widget elementor-widget-image\" data-id=\"ab153b7\" data-element_type=\"widget\" data-widget_type=\"image.default\">\n\t\t\t\t<div class=\"elementor-widget-container\">\n\t\t\t\t\t\t\t\t\t\t\t\t\t\t\t<img loading=\"lazy\" decoding=\"async\" width=\"1000\" height=\"600\" src=\"https:\/\/shynova.se\/wp-content\/uploads\/2020\/05\/cleaning-team.jpg\" class=\"attachment-large size-large wp-image-1327\" alt=\"cleaning team\" \/>\t\t\t\t\t\t\t\t\t\t\t\t\t\t\t<\/div>\n\t\t\t\t<\/div>\n\t\t\t\t<\/div>\n\t\t\t\t\t<\/div>\n\t\t\t\t<\/div>\n\t\t\t\t<\/div>","protected":false},"excerpt":{"rendered":"<p>About Shynova We Will Make Your Place Spotless At Shynova, we believe that a clean and organized home creates space for a happier and more stress-free life. Founded in Stockholm, our mission is simple \u2014 to make everyday life easier for you by offering professional and reliable services you can trust. We understand how busy [&hellip;]<\/p>","protected":false},"author":1,"featured_media":0,"parent":0,"menu_order":0,"comment_status":"closed","ping_status":"closed","template":"","meta":{"om_disable_all_campaigns":false,"_monsterinsights_skip_tracking":false,"_monsterinsights_sitenote_active":false,"_monsterinsights_sitenote_note":"","_monsterinsights_sitenote_category":0,"site-sidebar-layout":"no-sidebar","site-content-layout":"page-builder","ast-site-content-layout":"default","site-content-style":"default","site-sidebar-style":"default","ast-global-header-display":"","ast-banner-title-visibility":"","ast-main-header-display":"","ast-hfb-above-header-display":"","ast-hfb-below-header-display":"","ast-hfb-mobile-header-display":"","site-post-title":"disabled","ast-breadcrumbs-content":"","ast-featured-img":"disabled","footer-sml-layout":"","theme-transparent-header-meta":"","adv-header-id-meta":"","stick-header-meta":"","header-above-stick-meta":"","header-main-stick-meta":"","header-below-stick-meta":"","astra-migrate-meta-layouts":"default","ast-page-background-enabled":"default","ast-page-background-meta":{"desktop":{"background-color":"","background-image":"","background-repeat":"repeat","background-position":"center center","background-size":"auto","background-attachment":"scroll","background-type":"","background-media":"","overlay-type":"","overlay-color":"","overlay-opacity":"","overlay-gradient":""},"tablet":{"background-color":"","background-image":"","background-repeat":"repeat","background-position":"center center","background-size":"auto","background-attachment":"scroll","background-type":"","background-media":"","overlay-type":"","overlay-color":"","overlay-opacity":"","overlay-gradient":""},"mobile":{"background-color":"","background-image":"","background-repeat":"repeat","background-position":"center center","background-size":"auto","background-attachment":"scroll","background-type":"","background-media":"","overlay-type":"","overlay-color":"","overlay-opacity":"","overlay-gradient":""}},"ast-content-background-meta":{"desktop":{"background-color":"var(--ast-global-color-5)","background-image":"","background-repeat":"repeat","background-position":"center center","background-size":"auto","background-attachment":"scroll","background-type":"","background-media":"","overlay-type":"","overlay-color":"","overlay-opacity":"","overlay-gradient":""},"tablet":{"background-color":"var(--ast-global-color-5)","background-image":"","background-repeat":"repeat","background-position":"center center","background-size":"auto","background-attachment":"scroll","background-type":"","background-media":"","overlay-type":"","overlay-color":"","overlay-opacity":"","overlay-gradient":""},"mobile":{"background-color":"var(--ast-global-color-5)","background-image":"","background-repeat":"repeat","background-position":"center center","background-size":"auto","background-attachment":"scroll","background-type":"","background-media":"","overlay-type":"","overlay-color":"","overlay-opacity":"","overlay-gradient":""}},"footnotes":""},"class_list":["post-21","page","type-page","status-publish","hentry"],"aioseo_notices":[],"yoast_head":"<!-- This site is optimized with the Yoast SEO plugin v26.3 - https:\/\/yoast.com\/wordpress\/plugins\/seo\/ -->\n<title>About - shynova.se<\/title>\n<meta name=\"robots\" content=\"index, follow, max-snippet:-1, max-image-preview:large, max-video-preview:-1\" \/>\n<link rel=\"canonical\" href=\"https:\/\/shynova.se\/sv\/about\/\" \/>\n<meta property=\"og:locale\" content=\"sv_SE\" \/>\n<meta property=\"og:type\" content=\"article\" \/>\n<meta property=\"og:title\" content=\"About - shynova.se\" \/>\n<meta property=\"og:description\" content=\"About Shynova We Will Make Your Place Spotless At Shynova, we believe that a clean and organized home creates space for a happier and more stress-free life. Founded in Stockholm, our mission is simple \u2014 to make everyday life easier for you by offering professional and reliable services you can trust. We understand how busy [&hellip;]\" \/>\n<meta property=\"og:url\" content=\"https:\/\/shynova.se\/sv\/about\/\" \/>\n<meta property=\"og:site_name\" content=\"shynova.se\" \/>\n<meta property=\"article:modified_time\" content=\"2025-10-29T23:04:34+00:00\" \/>\n<meta property=\"og:image\" content=\"https:\/\/shynova.se\/wp-content\/uploads\/2025\/10\/360_F_700282967_PPjJJTKX7xdVOlHCeNnrDPaA4EnDnPMq.jpg\" \/>\n\t<meta property=\"og:image:width\" content=\"540\" \/>\n\t<meta property=\"og:image:height\" content=\"360\" \/>\n\t<meta property=\"og:image:type\" content=\"image\/jpeg\" \/>\n<meta name=\"twitter:card\" content=\"summary_large_image\" \/>\n<meta name=\"twitter:label1\" content=\"Ber\u00e4knad l\u00e4stid\" \/>\n\t<meta name=\"twitter:data1\" content=\"3 minuter\" \/>\n<script type=\"application\/ld+json\" class=\"yoast-schema-graph\">{\"@context\":\"https:\/\/schema.org\",\"@graph\":[{\"@type\":\"WebPage\",\"@id\":\"https:\/\/shynova.se\/sv\/about\/\",\"url\":\"https:\/\/shynova.se\/sv\/about\/\",\"name\":\"About - shynova.se\",\"isPartOf\":{\"@id\":\"https:\/\/shynova.se\/sv\/#website\"},\"primaryImageOfPage\":{\"@id\":\"https:\/\/shynova.se\/sv\/about\/#primaryimage\"},\"image\":{\"@id\":\"https:\/\/shynova.se\/sv\/about\/#primaryimage\"},\"thumbnailUrl\":\"https:\/\/shynova.se\/wp-content\/uploads\/2025\/10\/360_F_700282967_PPjJJTKX7xdVOlHCeNnrDPaA4EnDnPMq.jpg\",\"datePublished\":\"2025-10-23T08:43:32+00:00\",\"dateModified\":\"2025-10-29T23:04:34+00:00\",\"breadcrumb\":{\"@id\":\"https:\/\/shynova.se\/sv\/about\/#breadcrumb\"},\"inLanguage\":\"sv-SE\",\"potentialAction\":[{\"@type\":\"ReadAction\",\"target\":[\"https:\/\/shynova.se\/sv\/about\/\"]}]},{\"@type\":\"ImageObject\",\"inLanguage\":\"sv-SE\",\"@id\":\"https:\/\/shynova.se\/sv\/about\/#primaryimage\",\"url\":\"https:\/\/shynova.se\/wp-content\/uploads\/2025\/10\/360_F_700282967_PPjJJTKX7xdVOlHCeNnrDPaA4EnDnPMq.jpg\",\"contentUrl\":\"https:\/\/shynova.se\/wp-content\/uploads\/2025\/10\/360_F_700282967_PPjJJTKX7xdVOlHCeNnrDPaA4EnDnPMq.jpg\"},{\"@type\":\"BreadcrumbList\",\"@id\":\"https:\/\/shynova.se\/sv\/about\/#breadcrumb\",\"itemListElement\":[{\"@type\":\"ListItem\",\"position\":1,\"name\":\"Home\",\"item\":\"https:\/\/shynova.se\/\"},{\"@type\":\"ListItem\",\"position\":2,\"name\":\"About\"}]},{\"@type\":\"WebSite\",\"@id\":\"https:\/\/shynova.se\/sv\/#website\",\"url\":\"https:\/\/shynova.se\/sv\/\",\"name\":\"shynova.se\",\"description\":\"\",\"publisher\":{\"@id\":\"https:\/\/shynova.se\/sv\/#organization\"},\"potentialAction\":[{\"@type\":\"SearchAction\",\"target\":{\"@type\":\"EntryPoint\",\"urlTemplate\":\"https:\/\/shynova.se\/sv\/?s={search_term_string}\"},\"query-input\":{\"@type\":\"PropertyValueSpecification\",\"valueRequired\":true,\"valueName\":\"search_term_string\"}}],\"inLanguage\":\"sv-SE\"},{\"@type\":\"Organization\",\"@id\":\"https:\/\/shynova.se\/sv\/#organization\",\"name\":\"shynova.se\",\"url\":\"https:\/\/shynova.se\/sv\/\",\"logo\":{\"@type\":\"ImageObject\",\"inLanguage\":\"sv-SE\",\"@id\":\"https:\/\/shynova.se\/sv\/#\/schema\/logo\/image\/\",\"url\":\"https:\/\/shynova.se\/wp-content\/uploads\/2025\/11\/cropped-Shynova.png\",\"contentUrl\":\"https:\/\/shynova.se\/wp-content\/uploads\/2025\/11\/cropped-Shynova.png\",\"width\":311,\"height\":272,\"caption\":\"shynova.se\"},\"image\":{\"@id\":\"https:\/\/shynova.se\/sv\/#\/schema\/logo\/image\/\"}}]}<\/script>\n<!-- \/ Yoast SEO plugin. -->","yoast_head_json":{"title":"About - shynova.se","robots":{"index":"index","follow":"follow","max-snippet":"max-snippet:-1","max-image-preview":"max-image-preview:large","max-video-preview":"max-video-preview:-1"},"canonical":"https:\/\/shynova.se\/sv\/about\/","og_locale":"sv_SE","og_type":"article","og_title":"About - shynova.se","og_description":"About Shynova We Will Make Your Place Spotless At Shynova, we believe that a clean and organized home creates space for a happier and more stress-free life. Founded in Stockholm, our mission is simple \u2014 to make everyday life easier for you by offering professional and reliable services you can trust. We understand how busy [&hellip;]","og_url":"https:\/\/shynova.se\/sv\/about\/","og_site_name":"shynova.se","article_modified_time":"2025-10-29T23:04:34+00:00","og_image":[{"width":540,"height":360,"url":"https:\/\/shynova.se\/wp-content\/uploads\/2025\/10\/360_F_700282967_PPjJJTKX7xdVOlHCeNnrDPaA4EnDnPMq.jpg","type":"image\/jpeg"}],"twitter_card":"summary_large_image","twitter_misc":{"Ber\u00e4knad l\u00e4stid":"3 minuter"},"schema":{"@context":"https:\/\/schema.org","@graph":[{"@type":"WebPage","@id":"https:\/\/shynova.se\/sv\/about\/","url":"https:\/\/shynova.se\/sv\/about\/","name":"About - shynova.se","isPartOf":{"@id":"https:\/\/shynova.se\/sv\/#website"},"primaryImageOfPage":{"@id":"https:\/\/shynova.se\/sv\/about\/#primaryimage"},"image":{"@id":"https:\/\/shynova.se\/sv\/about\/#primaryimage"},"thumbnailUrl":"https:\/\/shynova.se\/wp-content\/uploads\/2025\/10\/360_F_700282967_PPjJJTKX7xdVOlHCeNnrDPaA4EnDnPMq.jpg","datePublished":"2025-10-23T08:43:32+00:00","dateModified":"2025-10-29T23:04:34+00:00","breadcrumb":{"@id":"https:\/\/shynova.se\/sv\/about\/#breadcrumb"},"inLanguage":"sv-SE","potentialAction":[{"@type":"ReadAction","target":["https:\/\/shynova.se\/sv\/about\/"]}]},{"@type":"ImageObject","inLanguage":"sv-SE","@id":"https:\/\/shynova.se\/sv\/about\/#primaryimage","url":"https:\/\/shynova.se\/wp-content\/uploads\/2025\/10\/360_F_700282967_PPjJJTKX7xdVOlHCeNnrDPaA4EnDnPMq.jpg","contentUrl":"https:\/\/shynova.se\/wp-content\/uploads\/2025\/10\/360_F_700282967_PPjJJTKX7xdVOlHCeNnrDPaA4EnDnPMq.jpg"},{"@type":"BreadcrumbList","@id":"https:\/\/shynova.se\/sv\/about\/#breadcrumb","itemListElement":[{"@type":"ListItem","position":1,"name":"Home","item":"https:\/\/shynova.se\/"},{"@type":"ListItem","position":2,"name":"About"}]},{"@type":"WebSite","@id":"https:\/\/shynova.se\/sv\/#website","url":"https:\/\/shynova.se\/sv\/","name":"shynova.se","description":"","publisher":{"@id":"https:\/\/shynova.se\/sv\/#organization"},"potentialAction":[{"@type":"SearchAction","target":{"@type":"EntryPoint","urlTemplate":"https:\/\/shynova.se\/sv\/?s={search_term_string}"},"query-input":{"@type":"PropertyValueSpecification","valueRequired":true,"valueName":"search_term_string"}}],"inLanguage":"sv-SE"},{"@type":"Organization","@id":"https:\/\/shynova.se\/sv\/#organization","name":"shynova.se","url":"https:\/\/shynova.se\/sv\/","logo":{"@type":"ImageObject","inLanguage":"sv-SE","@id":"https:\/\/shynova.se\/sv\/#\/schema\/logo\/image\/","url":"https:\/\/shynova.se\/wp-content\/uploads\/2025\/11\/cropped-Shynova.png","contentUrl":"https:\/\/shynova.se\/wp-content\/uploads\/2025\/11\/cropped-Shynova.png","width":311,"height":272,"caption":"shynova.se"},"image":{"@id":"https:\/\/shynova.se\/sv\/#\/schema\/logo\/image\/"}}]}},"_links":{"self":[{"href":"https:\/\/shynova.se\/sv\/wp-json\/wp\/v2\/pages\/21","targetHints":{"allow":["GET"]}}],"collection":[{"href":"https:\/\/shynova.se\/sv\/wp-json\/wp\/v2\/pages"}],"about":[{"href":"https:\/\/shynova.se\/sv\/wp-json\/wp\/v2\/types\/page"}],"author":[{"embeddable":true,"href":"https:\/\/shynova.se\/sv\/wp-json\/wp\/v2\/users\/1"}],"replies":[{"embeddable":true,"href":"https:\/\/shynova.se\/sv\/wp-json\/wp\/v2\/comments?post=21"}],"version-history":[{"count":18,"href":"https:\/\/shynova.se\/sv\/wp-json\/wp\/v2\/pages\/21\/revisions"}],"predecessor-version":[{"id":25731,"href":"https:\/\/shynova.se\/sv\/wp-json\/wp\/v2\/pages\/21\/revisions\/25731"}],"wp:attachment":[{"href":"https:\/\/shynova.se\/sv\/wp-json\/wp\/v2\/media?parent=21"}],"curies":[{"name":"wp","href":"https:\/\/api.w.org\/{rel}","templated":true}]}}